{"id":2654,"date":"2024-10-26T18:34:35","date_gmt":"2024-10-26T18:34:35","guid":{"rendered":"https:\/\/hauskovac.com\/?page_id=2654"},"modified":"2025-01-12T19:22:59","modified_gmt":"2025-01-12T19:22:59","slug":"studio-3","status":"publish","type":"page","link":"https:\/\/hauskovac.com\/en\/studio-3\/","title":{"rendered":"Studio 3"},"content":{"rendered":"<div data-elementor-type=\"wp-page\" data-elementor-id=\"2654\" class=\"elementor elementor-2654\" data-elementor-post-type=\"page\">\n\t\t\t\t<div class=\"elementor-element elementor-element-3fcf272b e-flex e-con-boxed e-con e-parent\" data-id=\"3fcf272b\" data-element_type=\"container\">\n\t\t\t\t\t<div class=\"e-con-inner\">\n\t\t<div class=\"elementor-element elementor-element-781d7079 e-con-full e-flex e-con e-child\" data-id=\"781d7079\" data-element_type=\"container\">\n\t\t\t\t<div class=\"elementor-element elementor-element-77c22cb9 elementor-widget__width-inherit elementor-widget elementor-widget-gallery\" data-id=\"77c22cb9\" data-element_type=\"widget\" data-settings=\"{&quot;gallery_layout&quot;:&quot;justified&quot;,&quot;ideal_row_height&quot;:{&quot;unit&quot;:&quot;px&quot;,&quot;size&quot;:222,&quot;sizes&quot;:[]},&quot;ideal_row_height_mobile&quot;:{&quot;unit&quot;:&quot;px&quot;,&quot;size&quot;:142,&quot;sizes&quot;:[]},&quot;gap_mobile&quot;:{&quot;unit&quot;:&quot;px&quot;,&quot;size&quot;:13,&quot;sizes&quot;:[]},&quot;lazyload&quot;:&quot;yes&quot;,&quot;ideal_row_height_tablet&quot;:{&quot;unit&quot;:&quot;px&quot;,&quot;size&quot;:150,&quot;sizes&quot;:[]},&quot;gap&quot;:{&quot;unit&quot;:&quot;px&quot;,&quot;size&quot;:10,&quot;sizes&quot;:[]},&quot;gap_tablet&quot;:{&quot;unit&quot;:&quot;px&quot;,&quot;size&quot;:10,&quot;sizes&quot;:[]},&quot;link_to&quot;:&quot;file&quot;,&quot;overlay_background&quot;:&quot;yes&quot;,&quot;content_hover_animation&quot;:&quot;fade-in&quot;,&quot;htmega_fe&quot;:&quot;no&quot;}\" data-widget_type=\"gallery.default\">\n\t\t\t\t<div class=\"elementor-widget-container\">\n\t\t\t\t\t\t\t<div class=\"elementor-gallery__container\">\n\t\t\t\t\t\t\t<a class=\"e-gallery-item elementor-gallery-item elementor-animated-content\" href=\"https:\/\/hauskovac.com\/wp-content\/uploads\/2025\/01\/Ap_03__6-1-scaled.jpg\" data-elementor-open-lightbox=\"yes\" data-elementor-lightbox-slideshow=\"77c22cb9\" data-elementor-lightbox-title=\"Ap_03__6\" data-e-action-hash=\"#elementor-action%3Aaction%3Dlightbox%26settings%3DeyJpZCI6MzE3NCwidXJsIjoiaHR0cHM6XC9cL2hhdXNrb3ZhYy5jb21cL3dwLWNvbnRlbnRcL3VwbG9hZHNcLzIwMjVcLzAxXC9BcF8wM19fNi0xLXNjYWxlZC5qcGciLCJzbGlkZXNob3ciOiI3N2MyMmNiOSJ9\">\n\t\t\t\t\t<div class=\"e-gallery-image elementor-gallery-item__image\" data-thumbnail=\"https:\/\/hauskovac.com\/wp-content\/uploads\/2025\/01\/Ap_03__6-1-scaled.jpg\" data-width=\"2560\" data-height=\"1707\" aria-label=\"\" role=\"img\" ><\/div>\n\t\t\t\t\t\t\t\t\t\t\t<div class=\"elementor-gallery-item__overlay\"><\/div>\n\t\t\t\t\t\t\t\t\t\t\t\t\t\t<\/a>\n\t\t\t\t\t\t\t<a class=\"e-gallery-item elementor-gallery-item elementor-animated-content\" href=\"https:\/\/hauskovac.com\/wp-content\/uploads\/2025\/01\/Ap_03__10-scaled.jpg\" data-elementor-open-lightbox=\"yes\" data-elementor-lightbox-slideshow=\"77c22cb9\" data-elementor-lightbox-title=\"Ap_03__10\" data-e-action-hash=\"#elementor-action%3Aaction%3Dlightbox%26settings%3DeyJpZCI6MzE3NSwidXJsIjoiaHR0cHM6XC9cL2hhdXNrb3ZhYy5jb21cL3dwLWNvbnRlbnRcL3VwbG9hZHNcLzIwMjVcLzAxXC9BcF8wM19fMTAtc2NhbGVkLmpwZyIsInNsaWRlc2hvdyI6Ijc3YzIyY2I5In0%3D\">\n\t\t\t\t\t<div class=\"e-gallery-image elementor-gallery-item__image\" data-thumbnail=\"https:\/\/hauskovac.com\/wp-content\/uploads\/2025\/01\/Ap_03__10-scaled.jpg\" data-width=\"2560\" data-height=\"1707\" aria-label=\"\" role=\"img\" ><\/div>\n\t\t\t\t\t\t\t\t\t\t\t<div class=\"elementor-gallery-item__overlay\"><\/div>\n\t\t\t\t\t\t\t\t\t\t\t\t\t\t<\/a>\n\t\t\t\t\t\t\t<a class=\"e-gallery-item elementor-gallery-item elementor-animated-content\" href=\"https:\/\/hauskovac.com\/wp-content\/uploads\/2025\/01\/Ap_03__13-scaled.jpg\" data-elementor-open-lightbox=\"yes\" data-elementor-lightbox-slideshow=\"77c22cb9\" data-elementor-lightbox-title=\"Ap_03__13\" data-e-action-hash=\"#elementor-action%3Aaction%3Dlightbox%26settings%3DeyJpZCI6MzE3NiwidXJsIjoiaHR0cHM6XC9cL2hhdXNrb3ZhYy5jb21cL3dwLWNvbnRlbnRcL3VwbG9hZHNcLzIwMjVcLzAxXC9BcF8wM19fMTMtc2NhbGVkLmpwZyIsInNsaWRlc2hvdyI6Ijc3YzIyY2I5In0%3D\">\n\t\t\t\t\t<div class=\"e-gallery-image elementor-gallery-item__image\" data-thumbnail=\"https:\/\/hauskovac.com\/wp-content\/uploads\/2025\/01\/Ap_03__13-scaled.jpg\" data-width=\"2560\" data-height=\"1707\" aria-label=\"\" role=\"img\" ><\/div>\n\t\t\t\t\t\t\t\t\t\t\t<div class=\"elementor-gallery-item__overlay\"><\/div>\n\t\t\t\t\t\t\t\t\t\t\t\t\t\t<\/a>\n\t\t\t\t\t\t\t<a class=\"e-gallery-item elementor-gallery-item elementor-animated-content\" href=\"https:\/\/hauskovac.com\/wp-content\/uploads\/2025\/01\/Ap_03__16-1-scaled.jpg\" data-elementor-open-lightbox=\"yes\" data-elementor-lightbox-slideshow=\"77c22cb9\" data-elementor-lightbox-title=\"Ap_03__16\" data-e-action-hash=\"#elementor-action%3Aaction%3Dlightbox%26settings%3DeyJpZCI6MzE3NywidXJsIjoiaHR0cHM6XC9cL2hhdXNrb3ZhYy5jb21cL3dwLWNvbnRlbnRcL3VwbG9hZHNcLzIwMjVcLzAxXC9BcF8wM19fMTYtMS1zY2FsZWQuanBnIiwic2xpZGVzaG93IjoiNzdjMjJjYjkifQ%3D%3D\">\n\t\t\t\t\t<div class=\"e-gallery-image elementor-gallery-item__image\" data-thumbnail=\"https:\/\/hauskovac.com\/wp-content\/uploads\/2025\/01\/Ap_03__16-1-scaled.jpg\" data-width=\"2560\" data-height=\"1707\" aria-label=\"\" role=\"img\" ><\/div>\n\t\t\t\t\t\t\t\t\t\t\t<div class=\"elementor-gallery-item__overlay\"><\/div>\n\t\t\t\t\t\t\t\t\t\t\t\t\t\t<\/a>\n\t\t\t\t\t\t\t<a class=\"e-gallery-item elementor-gallery-item elementor-animated-content\" href=\"https:\/\/hauskovac.com\/wp-content\/uploads\/2025\/01\/nova-slika-balkona-scaled.jpg\" data-elementor-open-lightbox=\"yes\" data-elementor-lightbox-slideshow=\"77c22cb9\" data-elementor-lightbox-title=\"nova slika balkona\" data-e-action-hash=\"#elementor-action%3Aaction%3Dlightbox%26settings%3DeyJpZCI6MzE3OCwidXJsIjoiaHR0cHM6XC9cL2hhdXNrb3ZhYy5jb21cL3dwLWNvbnRlbnRcL3VwbG9hZHNcLzIwMjVcLzAxXC9ub3ZhLXNsaWthLWJhbGtvbmEtc2NhbGVkLmpwZyIsInNsaWRlc2hvdyI6Ijc3YzIyY2I5In0%3D\">\n\t\t\t\t\t<div class=\"e-gallery-image elementor-gallery-item__image\" data-thumbnail=\"https:\/\/hauskovac.com\/wp-content\/uploads\/2025\/01\/nova-slika-balkona-scaled.jpg\" data-width=\"2560\" data-height=\"1707\" aria-label=\"\" role=\"img\" ><\/div>\n\t\t\t\t\t\t\t\t\t\t\t<div class=\"elementor-gallery-item__overlay\"><\/div>\n\t\t\t\t\t\t\t\t\t\t\t\t\t\t<\/a>\n\t\t\t\t\t\t\t<a class=\"e-gallery-item elementor-gallery-item elementor-animated-content\" href=\"https:\/\/hauskovac.com\/wp-content\/uploads\/2025\/01\/novi-krevet-1-scaled.jpg\" data-elementor-open-lightbox=\"yes\" data-elementor-lightbox-slideshow=\"77c22cb9\" data-elementor-lightbox-title=\"novi krevet\" data-e-action-hash=\"#elementor-action%3Aaction%3Dlightbox%26settings%3DeyJpZCI6MzE3OSwidXJsIjoiaHR0cHM6XC9cL2hhdXNrb3ZhYy5jb21cL3dwLWNvbnRlbnRcL3VwbG9hZHNcLzIwMjVcLzAxXC9ub3ZpLWtyZXZldC0xLXNjYWxlZC5qcGciLCJzbGlkZXNob3ciOiI3N2MyMmNiOSJ9\">\n\t\t\t\t\t<div class=\"e-gallery-image elementor-gallery-item__image\" data-thumbnail=\"https:\/\/hauskovac.com\/wp-content\/uploads\/2025\/01\/novi-krevet-1-scaled.jpg\" data-width=\"2560\" data-height=\"1707\" aria-label=\"\" role=\"img\" ><\/div>\n\t\t\t\t\t\t\t\t\t\t\t<div class=\"elementor-gallery-item__overlay\"><\/div>\n\t\t\t\t\t\t\t\t\t\t\t\t\t\t<\/a>\n\t\t\t\t\t<\/div>\n\t\t\t\t\t<\/div>\n\t\t\t\t<\/div>\n\t\t\t\t<\/div>\n\t\t<div class=\"elementor-element elementor-element-398af1aa e-con-full e-flex e-con e-child\" data-id=\"398af1aa\" data-element_type=\"container\">\n\t\t\t\t<div class=\"elementor-element elementor-element-365bfc9e elementor-widget elementor-widget-text-editor\" data-id=\"365bfc9e\" data-element_type=\"widget\" data-settings=\"{&quot;htmega_fe&quot;:&quot;no&quot;}\" data-widget_type=\"text-editor.default\">\n\t\t\t\t<div class=\"elementor-widget-container\">\n\t\t\t\t\t\t\t\t\t<table border=\"0\" width=\"100%\" cellspacing=\"0\" cellpadding=\"0\"><tbody><tr><td>Studio za:<\/td><td>2 osobe<\/td><\/tr><tr><td>Bra\u010dni krevet:<\/td><td>DA<\/td><\/tr><tr><td>Pomo\u0107ni le\u017eaj:<\/td><td>NE<\/td><\/tr><tr><td>Kupaonica:<\/td><td>DA \/ Tu\u0161<\/td><\/tr><tr><td>Balkon:<\/td><td>DA<\/td><\/tr><tr><td>Pogled na:<\/td><td>More<\/td><\/tr><tr><td>Klima:<\/td><td>DA<\/td><\/tr><tr><td>Grijanje:<\/td><td>DA<\/td><\/tr><tr><td>Wi-Fi Internet<\/td><td>DA<\/td><\/tr><tr><td>SAT TV:<\/td><td>DA<\/td><\/tr><tr><td>Perilica rublja:<\/td><td>DA<\/td><\/tr><tr><td>Parking:<\/td><td>DA<\/td><\/tr><tr><td>Studio na:<\/td><td>II. Kat<\/td><\/tr><\/tbody><\/table>\t\t\t\t\t\t\t\t<\/div>\n\t\t\t\t<\/div>\n\t\t\t\t<\/div>\n\t\t\t\t\t<\/div>\n\t\t\t\t<\/div>\n\t\t\t\t<\/div>","protected":false},"excerpt":{"rendered":"<p>Studio za: 2 osobe Bra\u010dni krevet: DA Pomo\u0107ni le\u017eaj: NE Kupaonica: DA \/ Tu\u0161 Balkon: DA Pogled na: More Klima: DA Grijanje: DA Wi-Fi Internet DA SAT TV: DA Perilica rublja: DA Parking: DA Studio na: II. Kat<\/p>","protected":false},"author":1,"featured_media":0,"parent":0,"menu_order":0,"comment_status":"closed","ping_status":"closed","template":"","meta":{"footnotes":""},"class_list":["post-2654","page","type-page","status-publish","hentry"],"_links":{"self":[{"href":"https:\/\/hauskovac.com\/en\/wp-json\/wp\/v2\/pages\/2654","targetHints":{"allow":["GET"]}}],"collection":[{"href":"https:\/\/hauskovac.com\/en\/wp-json\/wp\/v2\/pages"}],"about":[{"href":"https:\/\/hauskovac.com\/en\/wp-json\/wp\/v2\/types\/page"}],"author":[{"embeddable":true,"href":"https:\/\/hauskovac.com\/en\/wp-json\/wp\/v2\/users\/1"}],"replies":[{"embeddable":true,"href":"https:\/\/hauskovac.com\/en\/wp-json\/wp\/v2\/comments?post=2654"}],"version-history":[{"count":7,"href":"https:\/\/hauskovac.com\/en\/wp-json\/wp\/v2\/pages\/2654\/revisions"}],"predecessor-version":[{"id":3182,"href":"https:\/\/hauskovac.com\/en\/wp-json\/wp\/v2\/pages\/2654\/revisions\/3182"}],"wp:attachment":[{"href":"https:\/\/hauskovac.com\/en\/wp-json\/wp\/v2\/media?parent=2654"}],"curies":[{"name":"wp","href":"https:\/\/api.w.org\/{rel}","templated":true}]}}