{"id":2662,"date":"2024-10-26T18:35:31","date_gmt":"2024-10-26T18:35:31","guid":{"rendered":"https:\/\/hauskovac.com\/?page_id=2662"},"modified":"2025-01-12T19:55:40","modified_gmt":"2025-01-12T19:55:40","slug":"soba-4","status":"publish","type":"page","link":"https:\/\/hauskovac.com\/de\/soba-4\/","title":{"rendered":"Studio 4"},"content":{"rendered":"<div data-elementor-type=\"wp-page\" data-elementor-id=\"2662\" class=\"elementor elementor-2662\" data-elementor-post-type=\"page\">\n\t\t\t\t<div class=\"elementor-element elementor-element-408b38cc e-flex e-con-boxed e-con e-parent\" data-id=\"408b38cc\" data-element_type=\"container\">\n\t\t\t\t\t<div class=\"e-con-inner\">\n\t\t<div class=\"elementor-element elementor-element-37041ba1 e-con-full e-flex e-con e-child\" data-id=\"37041ba1\" data-element_type=\"container\">\n\t\t\t\t<div class=\"elementor-element elementor-element-308ac0c7 elementor-widget__width-inherit elementor-widget elementor-widget-gallery\" data-id=\"308ac0c7\" data-element_type=\"widget\" data-settings=\"{&quot;gallery_layout&quot;:&quot;justified&quot;,&quot;ideal_row_height&quot;:{&quot;unit&quot;:&quot;px&quot;,&quot;size&quot;:222,&quot;sizes&quot;:[]},&quot;ideal_row_height_mobile&quot;:{&quot;unit&quot;:&quot;px&quot;,&quot;size&quot;:142,&quot;sizes&quot;:[]},&quot;gap_mobile&quot;:{&quot;unit&quot;:&quot;px&quot;,&quot;size&quot;:13,&quot;sizes&quot;:[]},&quot;lazyload&quot;:&quot;yes&quot;,&quot;ideal_row_height_tablet&quot;:{&quot;unit&quot;:&quot;px&quot;,&quot;size&quot;:150,&quot;sizes&quot;:[]},&quot;gap&quot;:{&quot;unit&quot;:&quot;px&quot;,&quot;size&quot;:10,&quot;sizes&quot;:[]},&quot;gap_tablet&quot;:{&quot;unit&quot;:&quot;px&quot;,&quot;size&quot;:10,&quot;sizes&quot;:[]},&quot;link_to&quot;:&quot;file&quot;,&quot;overlay_background&quot;:&quot;yes&quot;,&quot;content_hover_animation&quot;:&quot;fade-in&quot;,&quot;htmega_fe&quot;:&quot;no&quot;}\" data-widget_type=\"gallery.default\">\n\t\t\t\t<div class=\"elementor-widget-container\">\n\t\t\t\t\t\t\t<div class=\"elementor-gallery__container\">\n\t\t\t\t\t\t\t<a class=\"e-gallery-item elementor-gallery-item elementor-animated-content\" href=\"https:\/\/hauskovac.com\/wp-content\/uploads\/2025\/01\/1-4.jpg\" data-elementor-open-lightbox=\"yes\" data-elementor-lightbox-slideshow=\"308ac0c7\" data-elementor-lightbox-title=\"1\" data-e-action-hash=\"#elementor-action%3Aaction%3Dlightbox%26settings%3DeyJpZCI6MzI1NCwidXJsIjoiaHR0cHM6XC9cL2hhdXNrb3ZhYy5jb21cL3dwLWNvbnRlbnRcL3VwbG9hZHNcLzIwMjVcLzAxXC8xLTQuanBnIiwic2xpZGVzaG93IjoiMzA4YWMwYzcifQ%3D%3D\">\n\t\t\t\t\t<div class=\"e-gallery-image elementor-gallery-item__image\" data-thumbnail=\"https:\/\/hauskovac.com\/wp-content\/uploads\/2025\/01\/1-4.jpg\" data-width=\"682\" data-height=\"455\" aria-label=\"\" role=\"img\" ><\/div>\n\t\t\t\t\t\t\t\t\t\t\t<div class=\"elementor-gallery-item__overlay\"><\/div>\n\t\t\t\t\t\t\t\t\t\t\t\t\t\t<\/a>\n\t\t\t\t\t\t\t<a class=\"e-gallery-item elementor-gallery-item elementor-animated-content\" href=\"https:\/\/hauskovac.com\/wp-content\/uploads\/2025\/01\/7-6.jpg\" data-elementor-open-lightbox=\"yes\" data-elementor-lightbox-slideshow=\"308ac0c7\" data-elementor-lightbox-title=\"7\" data-e-action-hash=\"#elementor-action%3Aaction%3Dlightbox%26settings%3DeyJpZCI6MzI1NSwidXJsIjoiaHR0cHM6XC9cL2hhdXNrb3ZhYy5jb21cL3dwLWNvbnRlbnRcL3VwbG9hZHNcLzIwMjVcLzAxXC83LTYuanBnIiwic2xpZGVzaG93IjoiMzA4YWMwYzcifQ%3D%3D\">\n\t\t\t\t\t<div class=\"e-gallery-image elementor-gallery-item__image\" data-thumbnail=\"https:\/\/hauskovac.com\/wp-content\/uploads\/2025\/01\/7-6.jpg\" data-width=\"682\" data-height=\"455\" aria-label=\"\" role=\"img\" ><\/div>\n\t\t\t\t\t\t\t\t\t\t\t<div class=\"elementor-gallery-item__overlay\"><\/div>\n\t\t\t\t\t\t\t\t\t\t\t\t\t\t<\/a>\n\t\t\t\t\t\t\t<a class=\"e-gallery-item elementor-gallery-item elementor-animated-content\" href=\"https:\/\/hauskovac.com\/wp-content\/uploads\/2025\/01\/6-9.jpg\" data-elementor-open-lightbox=\"yes\" data-elementor-lightbox-slideshow=\"308ac0c7\" data-elementor-lightbox-title=\"6\" data-e-action-hash=\"#elementor-action%3Aaction%3Dlightbox%26settings%3DeyJpZCI6MzI1NiwidXJsIjoiaHR0cHM6XC9cL2hhdXNrb3ZhYy5jb21cL3dwLWNvbnRlbnRcL3VwbG9hZHNcLzIwMjVcLzAxXC82LTkuanBnIiwic2xpZGVzaG93IjoiMzA4YWMwYzcifQ%3D%3D\">\n\t\t\t\t\t<div class=\"e-gallery-image elementor-gallery-item__image\" data-thumbnail=\"https:\/\/hauskovac.com\/wp-content\/uploads\/2025\/01\/6-9.jpg\" data-width=\"682\" data-height=\"455\" aria-label=\"\" role=\"img\" ><\/div>\n\t\t\t\t\t\t\t\t\t\t\t<div class=\"elementor-gallery-item__overlay\"><\/div>\n\t\t\t\t\t\t\t\t\t\t\t\t\t\t<\/a>\n\t\t\t\t\t\t\t<a class=\"e-gallery-item elementor-gallery-item elementor-animated-content\" href=\"https:\/\/hauskovac.com\/wp-content\/uploads\/2025\/01\/5-8.jpg\" data-elementor-open-lightbox=\"yes\" data-elementor-lightbox-slideshow=\"308ac0c7\" data-elementor-lightbox-title=\"5\" data-e-action-hash=\"#elementor-action%3Aaction%3Dlightbox%26settings%3DeyJpZCI6MzI1NywidXJsIjoiaHR0cHM6XC9cL2hhdXNrb3ZhYy5jb21cL3dwLWNvbnRlbnRcL3VwbG9hZHNcLzIwMjVcLzAxXC81LTguanBnIiwic2xpZGVzaG93IjoiMzA4YWMwYzcifQ%3D%3D\">\n\t\t\t\t\t<div class=\"e-gallery-image elementor-gallery-item__image\" data-thumbnail=\"https:\/\/hauskovac.com\/wp-content\/uploads\/2025\/01\/5-8.jpg\" data-width=\"682\" data-height=\"455\" aria-label=\"\" role=\"img\" ><\/div>\n\t\t\t\t\t\t\t\t\t\t\t<div class=\"elementor-gallery-item__overlay\"><\/div>\n\t\t\t\t\t\t\t\t\t\t\t\t\t\t<\/a>\n\t\t\t\t\t\t\t<a class=\"e-gallery-item elementor-gallery-item elementor-animated-content\" href=\"https:\/\/hauskovac.com\/wp-content\/uploads\/2025\/01\/4-7.jpg\" data-elementor-open-lightbox=\"yes\" data-elementor-lightbox-slideshow=\"308ac0c7\" data-elementor-lightbox-title=\"4\" data-e-action-hash=\"#elementor-action%3Aaction%3Dlightbox%26settings%3DeyJpZCI6MzI1OCwidXJsIjoiaHR0cHM6XC9cL2hhdXNrb3ZhYy5jb21cL3dwLWNvbnRlbnRcL3VwbG9hZHNcLzIwMjVcLzAxXC80LTcuanBnIiwic2xpZGVzaG93IjoiMzA4YWMwYzcifQ%3D%3D\">\n\t\t\t\t\t<div class=\"e-gallery-image elementor-gallery-item__image\" data-thumbnail=\"https:\/\/hauskovac.com\/wp-content\/uploads\/2025\/01\/4-7.jpg\" data-width=\"682\" data-height=\"455\" aria-label=\"\" role=\"img\" ><\/div>\n\t\t\t\t\t\t\t\t\t\t\t<div class=\"elementor-gallery-item__overlay\"><\/div>\n\t\t\t\t\t\t\t\t\t\t\t\t\t\t<\/a>\n\t\t\t\t\t\t\t<a class=\"e-gallery-item elementor-gallery-item elementor-animated-content\" href=\"https:\/\/hauskovac.com\/wp-content\/uploads\/2025\/01\/3-6.jpg\" data-elementor-open-lightbox=\"yes\" data-elementor-lightbox-slideshow=\"308ac0c7\" data-elementor-lightbox-title=\"3\" data-e-action-hash=\"#elementor-action%3Aaction%3Dlightbox%26settings%3DeyJpZCI6MzI1OSwidXJsIjoiaHR0cHM6XC9cL2hhdXNrb3ZhYy5jb21cL3dwLWNvbnRlbnRcL3VwbG9hZHNcLzIwMjVcLzAxXC8zLTYuanBnIiwic2xpZGVzaG93IjoiMzA4YWMwYzcifQ%3D%3D\">\n\t\t\t\t\t<div class=\"e-gallery-image elementor-gallery-item__image\" data-thumbnail=\"https:\/\/hauskovac.com\/wp-content\/uploads\/2025\/01\/3-6.jpg\" data-width=\"682\" data-height=\"455\" aria-label=\"\" role=\"img\" ><\/div>\n\t\t\t\t\t\t\t\t\t\t\t<div class=\"elementor-gallery-item__overlay\"><\/div>\n\t\t\t\t\t\t\t\t\t\t\t\t\t\t<\/a>\n\t\t\t\t\t\t\t<a class=\"e-gallery-item elementor-gallery-item elementor-animated-content\" href=\"https:\/\/hauskovac.com\/wp-content\/uploads\/2025\/01\/2-10.jpg\" data-elementor-open-lightbox=\"yes\" data-elementor-lightbox-slideshow=\"308ac0c7\" data-elementor-lightbox-title=\"2\" data-e-action-hash=\"#elementor-action%3Aaction%3Dlightbox%26settings%3DeyJpZCI6MzI2MCwidXJsIjoiaHR0cHM6XC9cL2hhdXNrb3ZhYy5jb21cL3dwLWNvbnRlbnRcL3VwbG9hZHNcLzIwMjVcLzAxXC8yLTEwLmpwZyIsInNsaWRlc2hvdyI6IjMwOGFjMGM3In0%3D\">\n\t\t\t\t\t<div class=\"e-gallery-image elementor-gallery-item__image\" data-thumbnail=\"https:\/\/hauskovac.com\/wp-content\/uploads\/2025\/01\/2-10.jpg\" data-width=\"682\" data-height=\"455\" aria-label=\"\" role=\"img\" ><\/div>\n\t\t\t\t\t\t\t\t\t\t\t<div class=\"elementor-gallery-item__overlay\"><\/div>\n\t\t\t\t\t\t\t\t\t\t\t\t\t\t<\/a>\n\t\t\t\t\t\t\t<a class=\"e-gallery-item elementor-gallery-item elementor-animated-content\" href=\"https:\/\/hauskovac.com\/wp-content\/uploads\/2025\/01\/studio-4-kuhijna-1-scaled.jpg\" data-elementor-open-lightbox=\"yes\" data-elementor-lightbox-slideshow=\"308ac0c7\" data-elementor-lightbox-title=\"studio 4 kuhijna\" data-e-action-hash=\"#elementor-action%3Aaction%3Dlightbox%26settings%3DeyJpZCI6MzI2MSwidXJsIjoiaHR0cHM6XC9cL2hhdXNrb3ZhYy5jb21cL3dwLWNvbnRlbnRcL3VwbG9hZHNcLzIwMjVcLzAxXC9zdHVkaW8tNC1rdWhpam5hLTEtc2NhbGVkLmpwZyIsInNsaWRlc2hvdyI6IjMwOGFjMGM3In0%3D\">\n\t\t\t\t\t<div class=\"e-gallery-image elementor-gallery-item__image\" data-thumbnail=\"https:\/\/hauskovac.com\/wp-content\/uploads\/2025\/01\/studio-4-kuhijna-1-scaled.jpg\" data-width=\"2560\" data-height=\"1707\" aria-label=\"\" role=\"img\" ><\/div>\n\t\t\t\t\t\t\t\t\t\t\t<div class=\"elementor-gallery-item__overlay\"><\/div>\n\t\t\t\t\t\t\t\t\t\t\t\t\t\t<\/a>\n\t\t\t\t\t<\/div>\n\t\t\t\t\t<\/div>\n\t\t\t\t<\/div>\n\t\t\t\t<\/div>\n\t\t<div class=\"elementor-element elementor-element-200a68c1 e-con-full e-flex e-con e-child\" data-id=\"200a68c1\" data-element_type=\"container\">\n\t\t\t\t<div class=\"elementor-element elementor-element-781cf55a elementor-widget elementor-widget-text-editor\" data-id=\"781cf55a\" data-element_type=\"widget\" data-settings=\"{&quot;htmega_fe&quot;:&quot;no&quot;}\" data-widget_type=\"text-editor.default\">\n\t\t\t\t<div class=\"elementor-widget-container\">\n\t\t\t\t\t\t\t\t\t<table border=\"0\" width=\"100%\" cellspacing=\"0\" cellpadding=\"0\"><tbody><tr><td>Soba za:<\/td><td>3 osobe &#8211; obiteljska soba<\/td><\/tr><tr><td>Bra\u010dni krevet:<\/td><td>DA<\/td><\/tr><tr><td>Pomo\u0107ni le\u017eaj:<\/td><td>DA<\/td><\/tr><tr><td>Kupaonica:<\/td><td>DA \/ Tu\u0161<\/td><\/tr><tr><td>Balkon:<\/td><td>DA<\/td><\/tr><tr><td>Pogled na:<\/td><td>Planinu<\/td><\/tr><tr><td>Klima:<\/td><td>DA<\/td><\/tr><tr><td>Grijanje:<\/td><td>DA<\/td><\/tr><tr><td>Wi-Fi Internet<\/td><td>DA<\/td><\/tr><tr><td>SAT TV:<\/td><td>DA<\/td><\/tr><tr><td>Perilica rublja:<\/td><td>DA<\/td><\/tr><tr><td>Parking:<\/td><td>DA<\/td><\/tr><tr><td>Soba na:<\/td><td>III. Kat<\/td><\/tr><\/tbody><\/table>\t\t\t\t\t\t\t\t<\/div>\n\t\t\t\t<\/div>\n\t\t\t\t<\/div>\n\t\t\t\t\t<\/div>\n\t\t\t\t<\/div>\n\t\t\t\t<\/div>","protected":false},"excerpt":{"rendered":"<p>Soba za: 3 osobe &#8211; obiteljska soba Bra\u010dni krevet: DA Pomo\u0107ni le\u017eaj: DA Kupaonica: DA \/ Tu\u0161 Balkon: DA Pogled na: Planinu Klima: DA Grijanje: DA Wi-Fi Internet DA SAT TV: DA Perilica rublja: DA Parking: DA Soba na: III. Kat<\/p>","protected":false},"author":1,"featured_media":0,"parent":0,"menu_order":0,"comment_status":"closed","ping_status":"closed","template":"","meta":{"footnotes":""},"class_list":["post-2662","page","type-page","status-publish","hentry"],"_links":{"self":[{"href":"https:\/\/hauskovac.com\/de\/wp-json\/wp\/v2\/pages\/2662","targetHints":{"allow":["GET"]}}],"collection":[{"href":"https:\/\/hauskovac.com\/de\/wp-json\/wp\/v2\/pages"}],"about":[{"href":"https:\/\/hauskovac.com\/de\/wp-json\/wp\/v2\/types\/page"}],"author":[{"embeddable":true,"href":"https:\/\/hauskovac.com\/de\/wp-json\/wp\/v2\/users\/1"}],"replies":[{"embeddable":true,"href":"https:\/\/hauskovac.com\/de\/wp-json\/wp\/v2\/comments?post=2662"}],"version-history":[{"count":8,"href":"https:\/\/hauskovac.com\/de\/wp-json\/wp\/v2\/pages\/2662\/revisions"}],"predecessor-version":[{"id":3264,"href":"https:\/\/hauskovac.com\/de\/wp-json\/wp\/v2\/pages\/2662\/revisions\/3264"}],"wp:attachment":[{"href":"https:\/\/hauskovac.com\/de\/wp-json\/wp\/v2\/media?parent=2662"}],"curies":[{"name":"wp","href":"https:\/\/api.w.org\/{rel}","templated":true}]}}