{"id":2660,"date":"2024-10-26T18:35:22","date_gmt":"2024-10-26T18:35:22","guid":{"rendered":"https:\/\/hauskovac.com\/?page_id=2660"},"modified":"2025-01-12T19:50:28","modified_gmt":"2025-01-12T19:50:28","slug":"soba-3","status":"publish","type":"page","link":"https:\/\/hauskovac.com\/de\/soba-3\/","title":{"rendered":"Zimmer 3"},"content":{"rendered":"<div data-elementor-type=\"wp-page\" data-elementor-id=\"2660\" class=\"elementor elementor-2660\" data-elementor-post-type=\"page\">\n\t\t\t\t<div class=\"elementor-element elementor-element-3add8e10 e-flex e-con-boxed e-con e-parent\" data-id=\"3add8e10\" data-element_type=\"container\">\n\t\t\t\t\t<div class=\"e-con-inner\">\n\t\t<div class=\"elementor-element elementor-element-5b73a2f8 e-con-full e-flex e-con e-child\" data-id=\"5b73a2f8\" data-element_type=\"container\">\n\t\t\t\t<div class=\"elementor-element elementor-element-10930a06 elementor-widget__width-inherit elementor-widget elementor-widget-gallery\" data-id=\"10930a06\" data-element_type=\"widget\" data-settings=\"{&quot;gallery_layout&quot;:&quot;justified&quot;,&quot;ideal_row_height&quot;:{&quot;unit&quot;:&quot;px&quot;,&quot;size&quot;:222,&quot;sizes&quot;:[]},&quot;ideal_row_height_mobile&quot;:{&quot;unit&quot;:&quot;px&quot;,&quot;size&quot;:142,&quot;sizes&quot;:[]},&quot;gap_mobile&quot;:{&quot;unit&quot;:&quot;px&quot;,&quot;size&quot;:13,&quot;sizes&quot;:[]},&quot;lazyload&quot;:&quot;yes&quot;,&quot;ideal_row_height_tablet&quot;:{&quot;unit&quot;:&quot;px&quot;,&quot;size&quot;:150,&quot;sizes&quot;:[]},&quot;gap&quot;:{&quot;unit&quot;:&quot;px&quot;,&quot;size&quot;:10,&quot;sizes&quot;:[]},&quot;gap_tablet&quot;:{&quot;unit&quot;:&quot;px&quot;,&quot;size&quot;:10,&quot;sizes&quot;:[]},&quot;link_to&quot;:&quot;file&quot;,&quot;overlay_background&quot;:&quot;yes&quot;,&quot;content_hover_animation&quot;:&quot;fade-in&quot;,&quot;htmega_fe&quot;:&quot;no&quot;}\" data-widget_type=\"gallery.default\">\n\t\t\t\t<div class=\"elementor-widget-container\">\n\t\t\t\t\t\t\t<div class=\"elementor-gallery__container\">\n\t\t\t\t\t\t\t<a class=\"e-gallery-item elementor-gallery-item elementor-animated-content\" href=\"https:\/\/hauskovac.com\/wp-content\/uploads\/2025\/01\/8-4.jpg\" data-elementor-open-lightbox=\"yes\" data-elementor-lightbox-slideshow=\"10930a06\" data-elementor-lightbox-title=\"8\" data-e-action-hash=\"#elementor-action%3Aaction%3Dlightbox%26settings%3DeyJpZCI6MzIzNiwidXJsIjoiaHR0cHM6XC9cL2hhdXNrb3ZhYy5jb21cL3dwLWNvbnRlbnRcL3VwbG9hZHNcLzIwMjVcLzAxXC84LTQuanBnIiwic2xpZGVzaG93IjoiMTA5MzBhMDYifQ%3D%3D\">\n\t\t\t\t\t<div class=\"e-gallery-image elementor-gallery-item__image\" data-thumbnail=\"https:\/\/hauskovac.com\/wp-content\/uploads\/2025\/01\/8-4.jpg\" data-width=\"1000\" data-height=\"667\" aria-label=\"\" role=\"img\" ><\/div>\n\t\t\t\t\t\t\t\t\t\t\t<div class=\"elementor-gallery-item__overlay\"><\/div>\n\t\t\t\t\t\t\t\t\t\t\t\t\t\t<\/a>\n\t\t\t\t\t\t\t<a class=\"e-gallery-item elementor-gallery-item elementor-animated-content\" href=\"https:\/\/hauskovac.com\/wp-content\/uploads\/2025\/01\/7-5.jpg\" data-elementor-open-lightbox=\"yes\" data-elementor-lightbox-slideshow=\"10930a06\" data-elementor-lightbox-title=\"7\" data-e-action-hash=\"#elementor-action%3Aaction%3Dlightbox%26settings%3DeyJpZCI6MzIzNywidXJsIjoiaHR0cHM6XC9cL2hhdXNrb3ZhYy5jb21cL3dwLWNvbnRlbnRcL3VwbG9hZHNcLzIwMjVcLzAxXC83LTUuanBnIiwic2xpZGVzaG93IjoiMTA5MzBhMDYifQ%3D%3D\">\n\t\t\t\t\t<div class=\"e-gallery-image elementor-gallery-item__image\" data-thumbnail=\"https:\/\/hauskovac.com\/wp-content\/uploads\/2025\/01\/7-5.jpg\" data-width=\"1000\" data-height=\"667\" aria-label=\"\" role=\"img\" ><\/div>\n\t\t\t\t\t\t\t\t\t\t\t<div class=\"elementor-gallery-item__overlay\"><\/div>\n\t\t\t\t\t\t\t\t\t\t\t\t\t\t<\/a>\n\t\t\t\t\t\t\t<a class=\"e-gallery-item elementor-gallery-item elementor-animated-content\" href=\"https:\/\/hauskovac.com\/wp-content\/uploads\/2025\/01\/6-8.jpg\" data-elementor-open-lightbox=\"yes\" data-elementor-lightbox-slideshow=\"10930a06\" data-elementor-lightbox-title=\"6\" data-e-action-hash=\"#elementor-action%3Aaction%3Dlightbox%26settings%3DeyJpZCI6MzIzOCwidXJsIjoiaHR0cHM6XC9cL2hhdXNrb3ZhYy5jb21cL3dwLWNvbnRlbnRcL3VwbG9hZHNcLzIwMjVcLzAxXC82LTguanBnIiwic2xpZGVzaG93IjoiMTA5MzBhMDYifQ%3D%3D\">\n\t\t\t\t\t<div class=\"e-gallery-image elementor-gallery-item__image\" data-thumbnail=\"https:\/\/hauskovac.com\/wp-content\/uploads\/2025\/01\/6-8.jpg\" data-width=\"1000\" data-height=\"667\" aria-label=\"\" role=\"img\" ><\/div>\n\t\t\t\t\t\t\t\t\t\t\t<div class=\"elementor-gallery-item__overlay\"><\/div>\n\t\t\t\t\t\t\t\t\t\t\t\t\t\t<\/a>\n\t\t\t\t\t\t\t<a class=\"e-gallery-item elementor-gallery-item elementor-animated-content\" href=\"https:\/\/hauskovac.com\/wp-content\/uploads\/2025\/01\/5-7.jpg\" data-elementor-open-lightbox=\"yes\" data-elementor-lightbox-slideshow=\"10930a06\" data-elementor-lightbox-title=\"5\" data-e-action-hash=\"#elementor-action%3Aaction%3Dlightbox%26settings%3DeyJpZCI6MzIzOSwidXJsIjoiaHR0cHM6XC9cL2hhdXNrb3ZhYy5jb21cL3dwLWNvbnRlbnRcL3VwbG9hZHNcLzIwMjVcLzAxXC81LTcuanBnIiwic2xpZGVzaG93IjoiMTA5MzBhMDYifQ%3D%3D\">\n\t\t\t\t\t<div class=\"e-gallery-image elementor-gallery-item__image\" data-thumbnail=\"https:\/\/hauskovac.com\/wp-content\/uploads\/2025\/01\/5-7.jpg\" data-width=\"1000\" data-height=\"667\" aria-label=\"\" role=\"img\" ><\/div>\n\t\t\t\t\t\t\t\t\t\t\t<div class=\"elementor-gallery-item__overlay\"><\/div>\n\t\t\t\t\t\t\t\t\t\t\t\t\t\t<\/a>\n\t\t\t\t\t\t\t<a class=\"e-gallery-item elementor-gallery-item elementor-animated-content\" href=\"https:\/\/hauskovac.com\/wp-content\/uploads\/2025\/01\/4-6.jpg\" data-elementor-open-lightbox=\"yes\" data-elementor-lightbox-slideshow=\"10930a06\" data-elementor-lightbox-title=\"4\" data-e-action-hash=\"#elementor-action%3Aaction%3Dlightbox%26settings%3DeyJpZCI6MzI0MCwidXJsIjoiaHR0cHM6XC9cL2hhdXNrb3ZhYy5jb21cL3dwLWNvbnRlbnRcL3VwbG9hZHNcLzIwMjVcLzAxXC80LTYuanBnIiwic2xpZGVzaG93IjoiMTA5MzBhMDYifQ%3D%3D\">\n\t\t\t\t\t<div class=\"e-gallery-image elementor-gallery-item__image\" data-thumbnail=\"https:\/\/hauskovac.com\/wp-content\/uploads\/2025\/01\/4-6.jpg\" data-width=\"1000\" data-height=\"667\" aria-label=\"\" role=\"img\" ><\/div>\n\t\t\t\t\t\t\t\t\t\t\t<div class=\"elementor-gallery-item__overlay\"><\/div>\n\t\t\t\t\t\t\t\t\t\t\t\t\t\t<\/a>\n\t\t\t\t\t\t\t<a class=\"e-gallery-item elementor-gallery-item elementor-animated-content\" href=\"https:\/\/hauskovac.com\/wp-content\/uploads\/2025\/01\/3-5.jpg\" data-elementor-open-lightbox=\"yes\" data-elementor-lightbox-slideshow=\"10930a06\" data-elementor-lightbox-title=\"3\" data-e-action-hash=\"#elementor-action%3Aaction%3Dlightbox%26settings%3DeyJpZCI6MzI0MSwidXJsIjoiaHR0cHM6XC9cL2hhdXNrb3ZhYy5jb21cL3dwLWNvbnRlbnRcL3VwbG9hZHNcLzIwMjVcLzAxXC8zLTUuanBnIiwic2xpZGVzaG93IjoiMTA5MzBhMDYifQ%3D%3D\">\n\t\t\t\t\t<div class=\"e-gallery-image elementor-gallery-item__image\" data-thumbnail=\"https:\/\/hauskovac.com\/wp-content\/uploads\/2025\/01\/3-5.jpg\" data-width=\"1000\" data-height=\"667\" aria-label=\"\" role=\"img\" ><\/div>\n\t\t\t\t\t\t\t\t\t\t\t<div class=\"elementor-gallery-item__overlay\"><\/div>\n\t\t\t\t\t\t\t\t\t\t\t\t\t\t<\/a>\n\t\t\t\t\t\t\t<a class=\"e-gallery-item elementor-gallery-item elementor-animated-content\" href=\"https:\/\/hauskovac.com\/wp-content\/uploads\/2025\/01\/2-9.jpg\" data-elementor-open-lightbox=\"yes\" data-elementor-lightbox-slideshow=\"10930a06\" data-elementor-lightbox-title=\"2\" data-e-action-hash=\"#elementor-action%3Aaction%3Dlightbox%26settings%3DeyJpZCI6MzI0MiwidXJsIjoiaHR0cHM6XC9cL2hhdXNrb3ZhYy5jb21cL3dwLWNvbnRlbnRcL3VwbG9hZHNcLzIwMjVcLzAxXC8yLTkuanBnIiwic2xpZGVzaG93IjoiMTA5MzBhMDYifQ%3D%3D\">\n\t\t\t\t\t<div class=\"e-gallery-image elementor-gallery-item__image\" data-thumbnail=\"https:\/\/hauskovac.com\/wp-content\/uploads\/2025\/01\/2-9.jpg\" data-width=\"1000\" data-height=\"667\" aria-label=\"\" role=\"img\" ><\/div>\n\t\t\t\t\t\t\t\t\t\t\t<div class=\"elementor-gallery-item__overlay\"><\/div>\n\t\t\t\t\t\t\t\t\t\t\t\t\t\t<\/a>\n\t\t\t\t\t\t\t<a class=\"e-gallery-item elementor-gallery-item elementor-animated-content\" href=\"https:\/\/hauskovac.com\/wp-content\/uploads\/2025\/01\/1-3.jpg\" data-elementor-open-lightbox=\"yes\" data-elementor-lightbox-slideshow=\"10930a06\" data-elementor-lightbox-title=\"1\" data-e-action-hash=\"#elementor-action%3Aaction%3Dlightbox%26settings%3DeyJpZCI6MzI0MywidXJsIjoiaHR0cHM6XC9cL2hhdXNrb3ZhYy5jb21cL3dwLWNvbnRlbnRcL3VwbG9hZHNcLzIwMjVcLzAxXC8xLTMuanBnIiwic2xpZGVzaG93IjoiMTA5MzBhMDYifQ%3D%3D\">\n\t\t\t\t\t<div class=\"e-gallery-image elementor-gallery-item__image\" data-thumbnail=\"https:\/\/hauskovac.com\/wp-content\/uploads\/2025\/01\/1-3.jpg\" data-width=\"1000\" data-height=\"667\" aria-label=\"\" role=\"img\" ><\/div>\n\t\t\t\t\t\t\t\t\t\t\t<div class=\"elementor-gallery-item__overlay\"><\/div>\n\t\t\t\t\t\t\t\t\t\t\t\t\t\t<\/a>\n\t\t\t\t\t<\/div>\n\t\t\t\t\t<\/div>\n\t\t\t\t<\/div>\n\t\t\t\t<\/div>\n\t\t<div class=\"elementor-element elementor-element-5258101e e-con-full e-flex e-con e-child\" data-id=\"5258101e\" data-element_type=\"container\">\n\t\t\t\t<div class=\"elementor-element elementor-element-6dacc633 elementor-widget elementor-widget-text-editor\" data-id=\"6dacc633\" data-element_type=\"widget\" data-settings=\"{&quot;htmega_fe&quot;:&quot;no&quot;}\" data-widget_type=\"text-editor.default\">\n\t\t\t\t<div class=\"elementor-widget-container\">\n\t\t\t\t\t\t\t\t\t<table border=\"0\" width=\"100%\" cellspacing=\"0\" cellpadding=\"0\"><tbody><tr><td>Soba za:<\/td><td>2 osobe<\/td><\/tr><tr><td>Bra\u010dni krevet:<\/td><td>DA<\/td><\/tr><tr><td>Pomo\u0107ni le\u017eaj:<\/td><td>NE<\/td><\/tr><tr><td>Kupaonica:<\/td><td>DA \/ Tu\u0161<\/td><\/tr><tr><td>Balkon:<\/td><td>DA<\/td><\/tr><tr><td>Pogled na:<\/td><td>More<\/td><\/tr><tr><td>Klima:<\/td><td>DA<\/td><\/tr><tr><td>Grijanje:<\/td><td>DA<\/td><\/tr><tr><td>Wi-Fi Internet<\/td><td>DA<\/td><\/tr><tr><td>SAT TV:<\/td><td>DA<\/td><\/tr><tr><td>Perilica rublja:<\/td><td>DA<\/td><\/tr><tr><td>Parking:<\/td><td>DA<\/td><\/tr><tr><td>Soba na:<\/td><td>III. Kat<\/td><\/tr><\/tbody><\/table>\t\t\t\t\t\t\t\t<\/div>\n\t\t\t\t<\/div>\n\t\t\t\t<\/div>\n\t\t\t\t\t<\/div>\n\t\t\t\t<\/div>\n\t\t\t\t<\/div>","protected":false},"excerpt":{"rendered":"<p>Soba za: 2 osobe Bra\u010dni krevet: DA Pomo\u0107ni le\u017eaj: NE Kupaonica: DA \/ Tu\u0161 Balkon: DA Pogled na: More Klima: DA Grijanje: DA Wi-Fi Internet DA SAT TV: DA Perilica rublja: DA Parking: DA Soba na: III. Kat<\/p>","protected":false},"author":1,"featured_media":0,"parent":0,"menu_order":0,"comment_status":"closed","ping_status":"closed","template":"","meta":{"footnotes":""},"class_list":["post-2660","page","type-page","status-publish","hentry"],"_links":{"self":[{"href":"https:\/\/hauskovac.com\/de\/wp-json\/wp\/v2\/pages\/2660","targetHints":{"allow":["GET"]}}],"collection":[{"href":"https:\/\/hauskovac.com\/de\/wp-json\/wp\/v2\/pages"}],"about":[{"href":"https:\/\/hauskovac.com\/de\/wp-json\/wp\/v2\/types\/page"}],"author":[{"embeddable":true,"href":"https:\/\/hauskovac.com\/de\/wp-json\/wp\/v2\/users\/1"}],"replies":[{"embeddable":true,"href":"https:\/\/hauskovac.com\/de\/wp-json\/wp\/v2\/comments?post=2660"}],"version-history":[{"count":10,"href":"https:\/\/hauskovac.com\/de\/wp-json\/wp\/v2\/pages\/2660\/revisions"}],"predecessor-version":[{"id":3249,"href":"https:\/\/hauskovac.com\/de\/wp-json\/wp\/v2\/pages\/2660\/revisions\/3249"}],"wp:attachment":[{"href":"https:\/\/hauskovac.com\/de\/wp-json\/wp\/v2\/media?parent=2660"}],"curies":[{"name":"wp","href":"https:\/\/api.w.org\/{rel}","templated":true}]}}