{"id":2658,"date":"2024-10-26T18:35:11","date_gmt":"2024-10-26T18:35:11","guid":{"rendered":"https:\/\/hauskovac.com\/?page_id=2658"},"modified":"2025-03-27T20:50:58","modified_gmt":"2025-03-27T20:50:58","slug":"soba-2","status":"publish","type":"page","link":"https:\/\/hauskovac.com\/de\/soba-2\/","title":{"rendered":"Studio 2"},"content":{"rendered":"<div data-elementor-type=\"wp-page\" data-elementor-id=\"2658\" class=\"elementor elementor-2658\" data-elementor-post-type=\"page\">\n\t\t\t\t<div class=\"elementor-element elementor-element-d0c27bd e-flex e-con-boxed e-con e-parent\" data-id=\"d0c27bd\" data-element_type=\"container\">\n\t\t\t\t\t<div class=\"e-con-inner\">\n\t\t<div class=\"elementor-element elementor-element-6798cd8c e-con-full e-flex e-con e-child\" data-id=\"6798cd8c\" data-element_type=\"container\">\n\t\t\t\t<div class=\"elementor-element elementor-element-42e53c1c elementor-widget__width-inherit elementor-widget elementor-widget-gallery\" data-id=\"42e53c1c\" data-element_type=\"widget\" data-settings=\"{&quot;gallery_layout&quot;:&quot;justified&quot;,&quot;ideal_row_height&quot;:{&quot;unit&quot;:&quot;px&quot;,&quot;size&quot;:222,&quot;sizes&quot;:[]},&quot;ideal_row_height_mobile&quot;:{&quot;unit&quot;:&quot;px&quot;,&quot;size&quot;:142,&quot;sizes&quot;:[]},&quot;gap_mobile&quot;:{&quot;unit&quot;:&quot;px&quot;,&quot;size&quot;:13,&quot;sizes&quot;:[]},&quot;lazyload&quot;:&quot;yes&quot;,&quot;ideal_row_height_tablet&quot;:{&quot;unit&quot;:&quot;px&quot;,&quot;size&quot;:150,&quot;sizes&quot;:[]},&quot;gap&quot;:{&quot;unit&quot;:&quot;px&quot;,&quot;size&quot;:10,&quot;sizes&quot;:[]},&quot;gap_tablet&quot;:{&quot;unit&quot;:&quot;px&quot;,&quot;size&quot;:10,&quot;sizes&quot;:[]},&quot;link_to&quot;:&quot;file&quot;,&quot;overlay_background&quot;:&quot;yes&quot;,&quot;content_hover_animation&quot;:&quot;fade-in&quot;,&quot;htmega_fe&quot;:&quot;no&quot;}\" data-widget_type=\"gallery.default\">\n\t\t\t\t<div class=\"elementor-widget-container\">\n\t\t\t\t\t\t\t<div class=\"elementor-gallery__container\">\n\t\t\t\t\t\t\t<a class=\"e-gallery-item elementor-gallery-item elementor-animated-content\" href=\"https:\/\/hauskovac.com\/wp-content\/uploads\/2025\/03\/FO7A0300-scaled.jpg\" data-elementor-open-lightbox=\"yes\" data-elementor-lightbox-slideshow=\"42e53c1c\" data-elementor-lightbox-title=\"haus kova\u010d\" data-e-action-hash=\"#elementor-action%3Aaction%3Dlightbox%26settings%3DeyJpZCI6MzM1NywidXJsIjoiaHR0cHM6XC9cL2hhdXNrb3ZhYy5jb21cL3dwLWNvbnRlbnRcL3VwbG9hZHNcLzIwMjVcLzAzXC9GTzdBMDMwMC1zY2FsZWQuanBnIiwic2xpZGVzaG93IjoiNDJlNTNjMWMifQ%3D%3D\">\n\t\t\t\t\t<div class=\"e-gallery-image elementor-gallery-item__image\" data-thumbnail=\"https:\/\/hauskovac.com\/wp-content\/uploads\/2025\/03\/FO7A0300-scaled.jpg\" data-width=\"2560\" data-height=\"1707\" aria-label=\"\" role=\"img\" ><\/div>\n\t\t\t\t\t\t\t\t\t\t\t<div class=\"elementor-gallery-item__overlay\"><\/div>\n\t\t\t\t\t\t\t\t\t\t\t\t\t\t<\/a>\n\t\t\t\t\t\t\t<a class=\"e-gallery-item elementor-gallery-item elementor-animated-content\" href=\"https:\/\/hauskovac.com\/wp-content\/uploads\/2025\/03\/FO7A0310.jpg\" data-elementor-open-lightbox=\"yes\" data-elementor-lightbox-slideshow=\"42e53c1c\" data-elementor-lightbox-title=\"haus kova\u010d\" data-e-action-hash=\"#elementor-action%3Aaction%3Dlightbox%26settings%3DeyJpZCI6MzM1OCwidXJsIjoiaHR0cHM6XC9cL2hhdXNrb3ZhYy5jb21cL3dwLWNvbnRlbnRcL3VwbG9hZHNcLzIwMjVcLzAzXC9GTzdBMDMxMC5qcGciLCJzbGlkZXNob3ciOiI0MmU1M2MxYyJ9\">\n\t\t\t\t\t<div class=\"e-gallery-image elementor-gallery-item__image\" data-thumbnail=\"https:\/\/hauskovac.com\/wp-content\/uploads\/2025\/03\/FO7A0310.jpg\" data-width=\"1500\" data-height=\"1000\" aria-label=\"\" role=\"img\" ><\/div>\n\t\t\t\t\t\t\t\t\t\t\t<div class=\"elementor-gallery-item__overlay\"><\/div>\n\t\t\t\t\t\t\t\t\t\t\t\t\t\t<\/a>\n\t\t\t\t\t\t\t<a class=\"e-gallery-item elementor-gallery-item elementor-animated-content\" href=\"https:\/\/hauskovac.com\/wp-content\/uploads\/2025\/03\/FO7A0313.jpg\" data-elementor-open-lightbox=\"yes\" data-elementor-lightbox-slideshow=\"42e53c1c\" data-elementor-lightbox-title=\"haus kova\u010d\" data-e-action-hash=\"#elementor-action%3Aaction%3Dlightbox%26settings%3DeyJpZCI6MzM1OSwidXJsIjoiaHR0cHM6XC9cL2hhdXNrb3ZhYy5jb21cL3dwLWNvbnRlbnRcL3VwbG9hZHNcLzIwMjVcLzAzXC9GTzdBMDMxMy5qcGciLCJzbGlkZXNob3ciOiI0MmU1M2MxYyJ9\">\n\t\t\t\t\t<div class=\"e-gallery-image elementor-gallery-item__image\" data-thumbnail=\"https:\/\/hauskovac.com\/wp-content\/uploads\/2025\/03\/FO7A0313.jpg\" data-width=\"1500\" data-height=\"1000\" aria-label=\"\" role=\"img\" ><\/div>\n\t\t\t\t\t\t\t\t\t\t\t<div class=\"elementor-gallery-item__overlay\"><\/div>\n\t\t\t\t\t\t\t\t\t\t\t\t\t\t<\/a>\n\t\t\t\t\t\t\t<a class=\"e-gallery-item elementor-gallery-item elementor-animated-content\" href=\"https:\/\/hauskovac.com\/wp-content\/uploads\/2025\/03\/FO7A0314.jpg\" data-elementor-open-lightbox=\"yes\" data-elementor-lightbox-slideshow=\"42e53c1c\" data-elementor-lightbox-title=\"haus kova\u010d\" data-e-action-hash=\"#elementor-action%3Aaction%3Dlightbox%26settings%3DeyJpZCI6MzM2MCwidXJsIjoiaHR0cHM6XC9cL2hhdXNrb3ZhYy5jb21cL3dwLWNvbnRlbnRcL3VwbG9hZHNcLzIwMjVcLzAzXC9GTzdBMDMxNC5qcGciLCJzbGlkZXNob3ciOiI0MmU1M2MxYyJ9\">\n\t\t\t\t\t<div class=\"e-gallery-image elementor-gallery-item__image\" data-thumbnail=\"https:\/\/hauskovac.com\/wp-content\/uploads\/2025\/03\/FO7A0314.jpg\" data-width=\"1500\" data-height=\"1000\" aria-label=\"\" role=\"img\" ><\/div>\n\t\t\t\t\t\t\t\t\t\t\t<div class=\"elementor-gallery-item__overlay\"><\/div>\n\t\t\t\t\t\t\t\t\t\t\t\t\t\t<\/a>\n\t\t\t\t\t\t\t<a class=\"e-gallery-item elementor-gallery-item elementor-animated-content\" href=\"https:\/\/hauskovac.com\/wp-content\/uploads\/2025\/01\/studio-2-kuhinja-umjesto-kauc-2-scaled.jpg\" data-elementor-open-lightbox=\"yes\" data-elementor-lightbox-slideshow=\"42e53c1c\" data-elementor-lightbox-title=\"haus kova\u010d\" data-e-action-hash=\"#elementor-action%3Aaction%3Dlightbox%26settings%3DeyJpZCI6MzIyNSwidXJsIjoiaHR0cHM6XC9cL2hhdXNrb3ZhYy5jb21cL3dwLWNvbnRlbnRcL3VwbG9hZHNcLzIwMjVcLzAxXC9zdHVkaW8tMi1rdWhpbmphLXVtamVzdG8ta2F1Yy0yLXNjYWxlZC5qcGciLCJzbGlkZXNob3ciOiI0MmU1M2MxYyJ9\">\n\t\t\t\t\t<div class=\"e-gallery-image elementor-gallery-item__image\" data-thumbnail=\"https:\/\/hauskovac.com\/wp-content\/uploads\/2025\/01\/studio-2-kuhinja-umjesto-kauc-2-scaled.jpg\" data-width=\"2560\" data-height=\"1707\" aria-label=\"haus kova\u010d\" role=\"img\" ><\/div>\n\t\t\t\t\t\t\t\t\t\t\t<div class=\"elementor-gallery-item__overlay\"><\/div>\n\t\t\t\t\t\t\t\t\t\t\t\t\t\t<\/a>\n\t\t\t\t\t\t\t<a class=\"e-gallery-item elementor-gallery-item elementor-animated-content\" href=\"https:\/\/hauskovac.com\/wp-content\/uploads\/2025\/03\/Ap_02__3-scaled.jpg\" data-elementor-open-lightbox=\"yes\" data-elementor-lightbox-slideshow=\"42e53c1c\" data-elementor-lightbox-title=\"haus kova\u010d\" data-e-action-hash=\"#elementor-action%3Aaction%3Dlightbox%26settings%3DeyJpZCI6MzM1NSwidXJsIjoiaHR0cHM6XC9cL2hhdXNrb3ZhYy5jb21cL3dwLWNvbnRlbnRcL3VwbG9hZHNcLzIwMjVcLzAzXC9BcF8wMl9fMy1zY2FsZWQuanBnIiwic2xpZGVzaG93IjoiNDJlNTNjMWMifQ%3D%3D\">\n\t\t\t\t\t<div class=\"e-gallery-image elementor-gallery-item__image\" data-thumbnail=\"https:\/\/hauskovac.com\/wp-content\/uploads\/2025\/03\/Ap_02__3-scaled.jpg\" data-width=\"2560\" data-height=\"1707\" aria-label=\"\" role=\"img\" ><\/div>\n\t\t\t\t\t\t\t\t\t\t\t<div class=\"elementor-gallery-item__overlay\"><\/div>\n\t\t\t\t\t\t\t\t\t\t\t\t\t\t<\/a>\n\t\t\t\t\t\t\t<a class=\"e-gallery-item elementor-gallery-item elementor-animated-content\" href=\"https:\/\/hauskovac.com\/wp-content\/uploads\/2025\/03\/FO7A0321-scaled.jpg\" data-elementor-open-lightbox=\"yes\" data-elementor-lightbox-slideshow=\"42e53c1c\" data-elementor-lightbox-title=\"haus kova\u010d\" data-e-action-hash=\"#elementor-action%3Aaction%3Dlightbox%26settings%3DeyJpZCI6MzM2MSwidXJsIjoiaHR0cHM6XC9cL2hhdXNrb3ZhYy5jb21cL3dwLWNvbnRlbnRcL3VwbG9hZHNcLzIwMjVcLzAzXC9GTzdBMDMyMS1zY2FsZWQuanBnIiwic2xpZGVzaG93IjoiNDJlNTNjMWMifQ%3D%3D\">\n\t\t\t\t\t<div class=\"e-gallery-image elementor-gallery-item__image\" data-thumbnail=\"https:\/\/hauskovac.com\/wp-content\/uploads\/2025\/03\/FO7A0321-scaled.jpg\" data-width=\"2560\" data-height=\"1707\" aria-label=\"\" role=\"img\" ><\/div>\n\t\t\t\t\t\t\t\t\t\t\t<div class=\"elementor-gallery-item__overlay\"><\/div>\n\t\t\t\t\t\t\t\t\t\t\t\t\t\t<\/a>\n\t\t\t\t\t<\/div>\n\t\t\t\t\t<\/div>\n\t\t\t\t<\/div>\n\t\t\t\t<\/div>\n\t\t<div class=\"elementor-element elementor-element-150a85 e-con-full e-flex e-con e-child\" data-id=\"150a85\" data-element_type=\"container\">\n\t\t\t\t<div class=\"elementor-element elementor-element-a0f9812 elementor-widget elementor-widget-text-editor\" data-id=\"a0f9812\" data-element_type=\"widget\" data-settings=\"{&quot;htmega_fe&quot;:&quot;no&quot;}\" data-widget_type=\"text-editor.default\">\n\t\t\t\t<div class=\"elementor-widget-container\">\n\t\t\t\t\t\t\t\t\t<table border=\"0\" width=\"100%\" cellspacing=\"0\" cellpadding=\"0\"><tbody><tr><td>Soba za:<\/td><td>3 osobe &#8211; obiteljska soba<\/td><\/tr><tr><td>Bra\u010dni krevet:<\/td><td>DA<\/td><\/tr><tr><td>Pomo\u0107ni le\u017eaj:<\/td><td>DA<\/td><\/tr><tr><td>Kupaonica:<\/td><td>DA \/ Tu\u0161<\/td><\/tr><tr><td>Balkon:<\/td><td>DA<\/td><\/tr><tr><td>Pogled na:<\/td><td>Planinu<\/td><\/tr><tr><td>Klima:<\/td><td>DA<\/td><\/tr><tr><td>Grijanje:<\/td><td>DA<\/td><\/tr><tr><td>Wi-Fi Internet<\/td><td>DA<\/td><\/tr><tr><td>SAT TV:<\/td><td>DA<\/td><\/tr><tr><td>Perilica rublja:<\/td><td>DA<\/td><\/tr><tr><td>Parking:<\/td><td>DA<\/td><\/tr><tr><td>Soba na:<\/td><td>III. Kat<\/td><\/tr><\/tbody><\/table>\t\t\t\t\t\t\t\t<\/div>\n\t\t\t\t<\/div>\n\t\t\t\t<\/div>\n\t\t\t\t\t<\/div>\n\t\t\t\t<\/div>\n\t\t\t\t<\/div>","protected":false},"excerpt":{"rendered":"<p>Soba za: 3 osobe &#8211; obiteljska soba Bra\u010dni krevet: DA Pomo\u0107ni le\u017eaj: DA Kupaonica: DA \/ Tu\u0161 Balkon: DA Pogled na: Planinu Klima: DA Grijanje: DA Wi-Fi Internet DA SAT TV: DA Perilica rublja: DA Parking: DA Soba na: III. Kat<\/p>","protected":false},"author":1,"featured_media":0,"parent":0,"menu_order":0,"comment_status":"closed","ping_status":"closed","template":"","meta":{"footnotes":""},"class_list":["post-2658","page","type-page","status-publish","hentry"],"_links":{"self":[{"href":"https:\/\/hauskovac.com\/de\/wp-json\/wp\/v2\/pages\/2658","targetHints":{"allow":["GET"]}}],"collection":[{"href":"https:\/\/hauskovac.com\/de\/wp-json\/wp\/v2\/pages"}],"about":[{"href":"https:\/\/hauskovac.com\/de\/wp-json\/wp\/v2\/types\/page"}],"author":[{"embeddable":true,"href":"https:\/\/hauskovac.com\/de\/wp-json\/wp\/v2\/users\/1"}],"replies":[{"embeddable":true,"href":"https:\/\/hauskovac.com\/de\/wp-json\/wp\/v2\/comments?post=2658"}],"version-history":[{"count":23,"href":"https:\/\/hauskovac.com\/de\/wp-json\/wp\/v2\/pages\/2658\/revisions"}],"predecessor-version":[{"id":3373,"href":"https:\/\/hauskovac.com\/de\/wp-json\/wp\/v2\/pages\/2658\/revisions\/3373"}],"wp:attachment":[{"href":"https:\/\/hauskovac.com\/de\/wp-json\/wp\/v2\/media?parent=2658"}],"curies":[{"name":"wp","href":"https:\/\/api.w.org\/{rel}","templated":true}]}}