{"id":2645,"date":"2024-10-26T18:33:35","date_gmt":"2024-10-26T18:33:35","guid":{"rendered":"https:\/\/hauskovac.com\/?page_id=2645"},"modified":"2025-03-27T20:52:49","modified_gmt":"2025-03-27T20:52:49","slug":"apartman-01","status":"publish","type":"page","link":"https:\/\/hauskovac.com\/de\/apartman-01\/","title":{"rendered":"Wohnung 1"},"content":{"rendered":"<div data-elementor-type=\"wp-page\" data-elementor-id=\"2645\" class=\"elementor elementor-2645\" data-elementor-post-type=\"page\">\n\t\t\t\t<div class=\"elementor-element elementor-element-ce49eb1 e-flex e-con-boxed e-con e-parent\" data-id=\"ce49eb1\" data-element_type=\"container\">\n\t\t\t\t\t<div class=\"e-con-inner\">\n\t\t\t\t<div class=\"elementor-element elementor-element-f75a03d elementor-widget elementor-widget-heading\" data-id=\"f75a03d\" data-element_type=\"widget\" data-settings=\"{&quot;htmega_fe&quot;:&quot;no&quot;}\" data-widget_type=\"heading.default\">\n\t\t\t\t<div class=\"elementor-widget-container\">\n\t\t\t\t\t<h2 class=\"elementor-heading-title elementor-size-default\">Wohnung 1<\/h2>\t\t\t\t<\/div>\n\t\t\t\t<\/div>\n\t\t\t\t\t<\/div>\n\t\t\t\t<\/div>\n\t\t<div class=\"elementor-element elementor-element-a906923 e-flex e-con-boxed e-con e-parent\" data-id=\"a906923\" data-element_type=\"container\">\n\t\t\t\t\t<div class=\"e-con-inner\">\n\t\t<div class=\"elementor-element elementor-element-058abec e-con-full e-flex e-con e-child\" data-id=\"058abec\" data-element_type=\"container\">\n\t\t\t\t<div class=\"elementor-element elementor-element-4fe7a2f elementor-widget__width-inherit elementor-widget elementor-widget-gallery\" data-id=\"4fe7a2f\" data-element_type=\"widget\" data-settings=\"{&quot;gallery_layout&quot;:&quot;justified&quot;,&quot;ideal_row_height&quot;:{&quot;unit&quot;:&quot;px&quot;,&quot;size&quot;:222,&quot;sizes&quot;:[]},&quot;ideal_row_height_mobile&quot;:{&quot;unit&quot;:&quot;px&quot;,&quot;size&quot;:142,&quot;sizes&quot;:[]},&quot;gap_mobile&quot;:{&quot;unit&quot;:&quot;px&quot;,&quot;size&quot;:13,&quot;sizes&quot;:[]},&quot;lazyload&quot;:&quot;yes&quot;,&quot;ideal_row_height_tablet&quot;:{&quot;unit&quot;:&quot;px&quot;,&quot;size&quot;:150,&quot;sizes&quot;:[]},&quot;gap&quot;:{&quot;unit&quot;:&quot;px&quot;,&quot;size&quot;:10,&quot;sizes&quot;:[]},&quot;gap_tablet&quot;:{&quot;unit&quot;:&quot;px&quot;,&quot;size&quot;:10,&quot;sizes&quot;:[]},&quot;link_to&quot;:&quot;file&quot;,&quot;overlay_background&quot;:&quot;yes&quot;,&quot;content_hover_animation&quot;:&quot;fade-in&quot;,&quot;htmega_fe&quot;:&quot;no&quot;}\" data-widget_type=\"gallery.default\">\n\t\t\t\t<div class=\"elementor-widget-container\">\n\t\t\t\t\t\t\t<div class=\"elementor-gallery__container\">\n\t\t\t\t\t\t\t<a class=\"e-gallery-item elementor-gallery-item elementor-animated-content\" href=\"https:\/\/hauskovac.com\/wp-content\/uploads\/2025\/01\/1-1-2.jpg\" data-elementor-open-lightbox=\"yes\" data-elementor-lightbox-slideshow=\"4fe7a2f\" data-elementor-lightbox-title=\"haus kova\u010d\" data-e-action-hash=\"#elementor-action%3Aaction%3Dlightbox%26settings%3DeyJpZCI6MzEzNiwidXJsIjoiaHR0cHM6XC9cL2hhdXNrb3ZhYy5jb21cL3dwLWNvbnRlbnRcL3VwbG9hZHNcLzIwMjVcLzAxXC8xLTEtMi5qcGciLCJzbGlkZXNob3ciOiI0ZmU3YTJmIn0%3D\">\n\t\t\t\t\t<div class=\"e-gallery-image elementor-gallery-item__image\" data-thumbnail=\"https:\/\/hauskovac.com\/wp-content\/uploads\/2025\/01\/1-1-2.jpg\" data-width=\"1000\" data-height=\"667\" aria-label=\"\" role=\"img\" ><\/div>\n\t\t\t\t\t\t\t\t\t\t\t<div class=\"elementor-gallery-item__overlay\"><\/div>\n\t\t\t\t\t\t\t\t\t\t\t\t\t\t<\/a>\n\t\t\t\t\t\t\t<a class=\"e-gallery-item elementor-gallery-item elementor-animated-content\" href=\"https:\/\/hauskovac.com\/wp-content\/uploads\/2025\/03\/FO7A0103-2-scaled.jpg\" data-elementor-open-lightbox=\"yes\" data-elementor-lightbox-slideshow=\"4fe7a2f\" data-elementor-lightbox-title=\"haus kova\u010d\" data-e-action-hash=\"#elementor-action%3Aaction%3Dlightbox%26settings%3DeyJpZCI6MzM0NywidXJsIjoiaHR0cHM6XC9cL2hhdXNrb3ZhYy5jb21cL3dwLWNvbnRlbnRcL3VwbG9hZHNcLzIwMjVcLzAzXC9GTzdBMDEwMy0yLXNjYWxlZC5qcGciLCJzbGlkZXNob3ciOiI0ZmU3YTJmIn0%3D\">\n\t\t\t\t\t<div class=\"e-gallery-image elementor-gallery-item__image\" data-thumbnail=\"https:\/\/hauskovac.com\/wp-content\/uploads\/2025\/03\/FO7A0103-2-scaled.jpg\" data-width=\"2560\" data-height=\"1707\" aria-label=\"\" role=\"img\" ><\/div>\n\t\t\t\t\t\t\t\t\t\t\t<div class=\"elementor-gallery-item__overlay\"><\/div>\n\t\t\t\t\t\t\t\t\t\t\t\t\t\t<\/a>\n\t\t\t\t\t\t\t<a class=\"e-gallery-item elementor-gallery-item elementor-animated-content\" href=\"https:\/\/hauskovac.com\/wp-content\/uploads\/2025\/03\/FO7A0114-2-scaled.jpg\" data-elementor-open-lightbox=\"yes\" data-elementor-lightbox-slideshow=\"4fe7a2f\" data-elementor-lightbox-title=\"haus kova\u010d\" data-e-action-hash=\"#elementor-action%3Aaction%3Dlightbox%26settings%3DeyJpZCI6MzM0OCwidXJsIjoiaHR0cHM6XC9cL2hhdXNrb3ZhYy5jb21cL3dwLWNvbnRlbnRcL3VwbG9hZHNcLzIwMjVcLzAzXC9GTzdBMDExNC0yLXNjYWxlZC5qcGciLCJzbGlkZXNob3ciOiI0ZmU3YTJmIn0%3D\">\n\t\t\t\t\t<div class=\"e-gallery-image elementor-gallery-item__image\" data-thumbnail=\"https:\/\/hauskovac.com\/wp-content\/uploads\/2025\/03\/FO7A0114-2-scaled.jpg\" data-width=\"2560\" data-height=\"1707\" aria-label=\"\" role=\"img\" ><\/div>\n\t\t\t\t\t\t\t\t\t\t\t<div class=\"elementor-gallery-item__overlay\"><\/div>\n\t\t\t\t\t\t\t\t\t\t\t\t\t\t<\/a>\n\t\t\t\t\t\t\t<a class=\"e-gallery-item elementor-gallery-item elementor-animated-content\" href=\"https:\/\/hauskovac.com\/wp-content\/uploads\/2025\/03\/FO7A0192-scaled.jpg\" data-elementor-open-lightbox=\"yes\" data-elementor-lightbox-slideshow=\"4fe7a2f\" data-elementor-lightbox-title=\"haus kova\u010d\" data-e-action-hash=\"#elementor-action%3Aaction%3Dlightbox%26settings%3DeyJpZCI6MzM0OSwidXJsIjoiaHR0cHM6XC9cL2hhdXNrb3ZhYy5jb21cL3dwLWNvbnRlbnRcL3VwbG9hZHNcLzIwMjVcLzAzXC9GTzdBMDE5Mi1zY2FsZWQuanBnIiwic2xpZGVzaG93IjoiNGZlN2EyZiJ9\">\n\t\t\t\t\t<div class=\"e-gallery-image elementor-gallery-item__image\" data-thumbnail=\"https:\/\/hauskovac.com\/wp-content\/uploads\/2025\/03\/FO7A0192-scaled.jpg\" data-width=\"2560\" data-height=\"1707\" aria-label=\"\" role=\"img\" ><\/div>\n\t\t\t\t\t\t\t\t\t\t\t<div class=\"elementor-gallery-item__overlay\"><\/div>\n\t\t\t\t\t\t\t\t\t\t\t\t\t\t<\/a>\n\t\t\t\t\t\t\t<a class=\"e-gallery-item elementor-gallery-item elementor-animated-content\" href=\"https:\/\/hauskovac.com\/wp-content\/uploads\/2025\/03\/FO7A0152-2-scaled.jpg\" data-elementor-open-lightbox=\"yes\" data-elementor-lightbox-slideshow=\"4fe7a2f\" data-elementor-lightbox-title=\"haus kova\u010d\" data-e-action-hash=\"#elementor-action%3Aaction%3Dlightbox%26settings%3DeyJpZCI6MzM1MCwidXJsIjoiaHR0cHM6XC9cL2hhdXNrb3ZhYy5jb21cL3dwLWNvbnRlbnRcL3VwbG9hZHNcLzIwMjVcLzAzXC9GTzdBMDE1Mi0yLXNjYWxlZC5qcGciLCJzbGlkZXNob3ciOiI0ZmU3YTJmIn0%3D\">\n\t\t\t\t\t<div class=\"e-gallery-image elementor-gallery-item__image\" data-thumbnail=\"https:\/\/hauskovac.com\/wp-content\/uploads\/2025\/03\/FO7A0152-2-scaled.jpg\" data-width=\"2560\" data-height=\"1707\" aria-label=\"\" role=\"img\" ><\/div>\n\t\t\t\t\t\t\t\t\t\t\t<div class=\"elementor-gallery-item__overlay\"><\/div>\n\t\t\t\t\t\t\t\t\t\t\t\t\t\t<\/a>\n\t\t\t\t\t\t\t<a class=\"e-gallery-item elementor-gallery-item elementor-animated-content\" href=\"https:\/\/hauskovac.com\/wp-content\/uploads\/2025\/02\/Ap_04__15-scaled.jpg\" data-elementor-open-lightbox=\"yes\" data-elementor-lightbox-slideshow=\"4fe7a2f\" data-elementor-lightbox-title=\"haus kova\u010d\" data-e-action-hash=\"#elementor-action%3Aaction%3Dlightbox%26settings%3DeyJpZCI6MzI5MCwidXJsIjoiaHR0cHM6XC9cL2hhdXNrb3ZhYy5jb21cL3dwLWNvbnRlbnRcL3VwbG9hZHNcLzIwMjVcLzAyXC9BcF8wNF9fMTUtc2NhbGVkLmpwZyIsInNsaWRlc2hvdyI6IjRmZTdhMmYifQ%3D%3D\">\n\t\t\t\t\t<div class=\"e-gallery-image elementor-gallery-item__image\" data-thumbnail=\"https:\/\/hauskovac.com\/wp-content\/uploads\/2025\/02\/Ap_04__15-scaled.jpg\" data-width=\"2560\" data-height=\"1707\" aria-label=\"\" role=\"img\" ><\/div>\n\t\t\t\t\t\t\t\t\t\t\t<div class=\"elementor-gallery-item__overlay\"><\/div>\n\t\t\t\t\t\t\t\t\t\t\t\t\t\t<\/a>\n\t\t\t\t\t\t\t<a class=\"e-gallery-item elementor-gallery-item elementor-animated-content\" href=\"https:\/\/hauskovac.com\/wp-content\/uploads\/2025\/02\/Ap_04__12-scaled.jpg\" data-elementor-open-lightbox=\"yes\" data-elementor-lightbox-slideshow=\"4fe7a2f\" data-elementor-lightbox-title=\"haus kova\u010d\" data-e-action-hash=\"#elementor-action%3Aaction%3Dlightbox%26settings%3DeyJpZCI6MzI5MiwidXJsIjoiaHR0cHM6XC9cL2hhdXNrb3ZhYy5jb21cL3dwLWNvbnRlbnRcL3VwbG9hZHNcLzIwMjVcLzAyXC9BcF8wNF9fMTItc2NhbGVkLmpwZyIsInNsaWRlc2hvdyI6IjRmZTdhMmYifQ%3D%3D\">\n\t\t\t\t\t<div class=\"e-gallery-image elementor-gallery-item__image\" data-thumbnail=\"https:\/\/hauskovac.com\/wp-content\/uploads\/2025\/02\/Ap_04__12-scaled.jpg\" data-width=\"2560\" data-height=\"1707\" aria-label=\"\" role=\"img\" ><\/div>\n\t\t\t\t\t\t\t\t\t\t\t<div class=\"elementor-gallery-item__overlay\"><\/div>\n\t\t\t\t\t\t\t\t\t\t\t\t\t\t<\/a>\n\t\t\t\t\t\t\t<a class=\"e-gallery-item elementor-gallery-item elementor-animated-content\" href=\"https:\/\/hauskovac.com\/wp-content\/uploads\/2025\/02\/Ap_04__10-scaled.jpg\" data-elementor-open-lightbox=\"yes\" data-elementor-lightbox-slideshow=\"4fe7a2f\" data-elementor-lightbox-title=\"haus kova\u010d\" data-e-action-hash=\"#elementor-action%3Aaction%3Dlightbox%26settings%3DeyJpZCI6MzI5MywidXJsIjoiaHR0cHM6XC9cL2hhdXNrb3ZhYy5jb21cL3dwLWNvbnRlbnRcL3VwbG9hZHNcLzIwMjVcLzAyXC9BcF8wNF9fMTAtc2NhbGVkLmpwZyIsInNsaWRlc2hvdyI6IjRmZTdhMmYifQ%3D%3D\">\n\t\t\t\t\t<div class=\"e-gallery-image elementor-gallery-item__image\" data-thumbnail=\"https:\/\/hauskovac.com\/wp-content\/uploads\/2025\/02\/Ap_04__10-scaled.jpg\" data-width=\"2560\" data-height=\"1707\" aria-label=\"\" role=\"img\" ><\/div>\n\t\t\t\t\t\t\t\t\t\t\t<div class=\"elementor-gallery-item__overlay\"><\/div>\n\t\t\t\t\t\t\t\t\t\t\t\t\t\t<\/a>\n\t\t\t\t\t\t\t<a class=\"e-gallery-item elementor-gallery-item elementor-animated-content\" href=\"https:\/\/hauskovac.com\/wp-content\/uploads\/2025\/02\/Ap_04__8-scaled.jpg\" data-elementor-open-lightbox=\"yes\" data-elementor-lightbox-slideshow=\"4fe7a2f\" data-elementor-lightbox-title=\"haus kova\u010d\" data-e-action-hash=\"#elementor-action%3Aaction%3Dlightbox%26settings%3DeyJpZCI6MzI5NCwidXJsIjoiaHR0cHM6XC9cL2hhdXNrb3ZhYy5jb21cL3dwLWNvbnRlbnRcL3VwbG9hZHNcLzIwMjVcLzAyXC9BcF8wNF9fOC1zY2FsZWQuanBnIiwic2xpZGVzaG93IjoiNGZlN2EyZiJ9\">\n\t\t\t\t\t<div class=\"e-gallery-image elementor-gallery-item__image\" data-thumbnail=\"https:\/\/hauskovac.com\/wp-content\/uploads\/2025\/02\/Ap_04__8-scaled.jpg\" data-width=\"2560\" data-height=\"1707\" aria-label=\"\" role=\"img\" ><\/div>\n\t\t\t\t\t\t\t\t\t\t\t<div class=\"elementor-gallery-item__overlay\"><\/div>\n\t\t\t\t\t\t\t\t\t\t\t\t\t\t<\/a>\n\t\t\t\t\t\t\t<a class=\"e-gallery-item elementor-gallery-item elementor-animated-content\" href=\"https:\/\/hauskovac.com\/wp-content\/uploads\/2025\/02\/Ap_04__2-scaled.jpg\" data-elementor-open-lightbox=\"yes\" data-elementor-lightbox-slideshow=\"4fe7a2f\" data-elementor-lightbox-title=\"haus kova\u010d\" data-e-action-hash=\"#elementor-action%3Aaction%3Dlightbox%26settings%3DeyJpZCI6MzI5NSwidXJsIjoiaHR0cHM6XC9cL2hhdXNrb3ZhYy5jb21cL3dwLWNvbnRlbnRcL3VwbG9hZHNcLzIwMjVcLzAyXC9BcF8wNF9fMi1zY2FsZWQuanBnIiwic2xpZGVzaG93IjoiNGZlN2EyZiJ9\">\n\t\t\t\t\t<div class=\"e-gallery-image elementor-gallery-item__image\" data-thumbnail=\"https:\/\/hauskovac.com\/wp-content\/uploads\/2025\/02\/Ap_04__2-scaled.jpg\" data-width=\"2560\" data-height=\"1707\" aria-label=\"\" role=\"img\" ><\/div>\n\t\t\t\t\t\t\t\t\t\t\t<div class=\"elementor-gallery-item__overlay\"><\/div>\n\t\t\t\t\t\t\t\t\t\t\t\t\t\t<\/a>\n\t\t\t\t\t\t\t<a class=\"e-gallery-item elementor-gallery-item elementor-animated-content\" href=\"https:\/\/hauskovac.com\/wp-content\/uploads\/2025\/03\/FO7A0092-2-scaled.jpg\" data-elementor-open-lightbox=\"yes\" data-elementor-lightbox-slideshow=\"4fe7a2f\" data-elementor-lightbox-title=\"haus kova\u010d\" data-e-action-hash=\"#elementor-action%3Aaction%3Dlightbox%26settings%3DeyJpZCI6MzM1MSwidXJsIjoiaHR0cHM6XC9cL2hhdXNrb3ZhYy5jb21cL3dwLWNvbnRlbnRcL3VwbG9hZHNcLzIwMjVcLzAzXC9GTzdBMDA5Mi0yLXNjYWxlZC5qcGciLCJzbGlkZXNob3ciOiI0ZmU3YTJmIn0%3D\">\n\t\t\t\t\t<div class=\"e-gallery-image elementor-gallery-item__image\" data-thumbnail=\"https:\/\/hauskovac.com\/wp-content\/uploads\/2025\/03\/FO7A0092-2-scaled.jpg\" data-width=\"2560\" data-height=\"1707\" aria-label=\"\" role=\"img\" ><\/div>\n\t\t\t\t\t\t\t\t\t\t\t<div class=\"elementor-gallery-item__overlay\"><\/div>\n\t\t\t\t\t\t\t\t\t\t\t\t\t\t<\/a>\n\t\t\t\t\t<\/div>\n\t\t\t\t\t<\/div>\n\t\t\t\t<\/div>\n\t\t\t\t<\/div>\n\t\t<div class=\"elementor-element elementor-element-fa1665b e-con-full e-flex e-con e-child\" data-id=\"fa1665b\" data-element_type=\"container\">\n\t\t\t\t<div class=\"elementor-element elementor-element-acf92ab elementor-widget elementor-widget-text-editor\" data-id=\"acf92ab\" data-element_type=\"widget\" data-settings=\"{&quot;htmega_fe&quot;:&quot;no&quot;}\" data-widget_type=\"text-editor.default\">\n\t\t\t\t<div class=\"elementor-widget-container\">\n\t\t\t\t\t\t\t\t\t<table border=\"0\" width=\"100%\" cellspacing=\"0\" cellpadding=\"0\"><tbody><tr><td>Apartman za:<\/td><td>2 + 1 osobe<\/td><\/tr><tr><td>Bra\u010dni krevet:<\/td><td>DA<\/td><\/tr><tr><td>Pomo\u0107ni le\u017eaj:<\/td><td>DA<\/td><\/tr><tr><td>Kupaonica:<\/td><td>DA \/ Tu\u0161<\/td><\/tr><tr><td>Balkon:<\/td><td>DA<\/td><\/tr><tr><td>Pogled na:<\/td><td>More<\/td><\/tr><tr><td>Klima:<\/td><td>DA<\/td><\/tr><tr><td>Grijanje:<\/td><td>DA<\/td><\/tr><tr><td>Wi-Fi Internet<\/td><td>DA<\/td><\/tr><tr><td>SAT TV:<\/td><td>DA<\/td><\/tr><tr><td>Perilica rublja:<\/td><td>DA<\/td><\/tr><tr><td>Parking:<\/td><td>DA<\/td><\/tr><tr><td>Soba na:<\/td><td>II. Kat<\/td><\/tr><\/tbody><\/table>\t\t\t\t\t\t\t\t<\/div>\n\t\t\t\t<\/div>\n\t\t\t\t<\/div>\n\t\t\t\t\t<\/div>\n\t\t\t\t<\/div>\n\t\t\t\t<\/div>","protected":false},"excerpt":{"rendered":"<p>Apartman 1 Apartman za: 2 + 1 osobe Bra\u010dni krevet: DA Pomo\u0107ni le\u017eaj: DA Kupaonica: DA \/ Tu\u0161 Balkon: DA Pogled na: More Klima: DA Grijanje: DA Wi-Fi Internet DA SAT TV: DA Perilica rublja: DA Parking: DA Soba na: II. Kat<\/p>","protected":false},"author":1,"featured_media":0,"parent":0,"menu_order":0,"comment_status":"closed","ping_status":"closed","template":"","meta":{"footnotes":""},"class_list":["post-2645","page","type-page","status-publish","hentry"],"_links":{"self":[{"href":"https:\/\/hauskovac.com\/de\/wp-json\/wp\/v2\/pages\/2645","targetHints":{"allow":["GET"]}}],"collection":[{"href":"https:\/\/hauskovac.com\/de\/wp-json\/wp\/v2\/pages"}],"about":[{"href":"https:\/\/hauskovac.com\/de\/wp-json\/wp\/v2\/types\/page"}],"author":[{"embeddable":true,"href":"https:\/\/hauskovac.com\/de\/wp-json\/wp\/v2\/users\/1"}],"replies":[{"embeddable":true,"href":"https:\/\/hauskovac.com\/de\/wp-json\/wp\/v2\/comments?post=2645"}],"version-history":[{"count":20,"href":"https:\/\/hauskovac.com\/de\/wp-json\/wp\/v2\/pages\/2645\/revisions"}],"predecessor-version":[{"id":3379,"href":"https:\/\/hauskovac.com\/de\/wp-json\/wp\/v2\/pages\/2645\/revisions\/3379"}],"wp:attachment":[{"href":"https:\/\/hauskovac.com\/de\/wp-json\/wp\/v2\/media?parent=2645"}],"curies":[{"name":"wp","href":"https:\/\/api.w.org\/{rel}","templated":true}]}}