{"id":2643,"date":"2024-10-26T18:33:07","date_gmt":"2024-10-26T18:33:07","guid":{"rendered":"https:\/\/hauskovac.com\/?page_id=2643"},"modified":"2025-01-10T13:01:50","modified_gmt":"2025-01-10T13:01:50","slug":"kontakt","status":"publish","type":"page","link":"https:\/\/hauskovac.com\/de\/kontakt\/","title":{"rendered":"Kontakt"},"content":{"rendered":"<div data-elementor-type=\"wp-page\" data-elementor-id=\"2643\" class=\"elementor elementor-2643\" data-elementor-post-type=\"page\">\n\t\t\t\t<div class=\"elementor-element elementor-element-1f3d08c e-flex e-con-boxed e-con e-parent\" data-id=\"1f3d08c\" data-element_type=\"container\">\n\t\t\t\t\t<div class=\"e-con-inner\">\n\t\t\t\t<div class=\"elementor-element elementor-element-4d31bbb elementor-widget elementor-widget-wpforms\" data-id=\"4d31bbb\" data-element_type=\"widget\" data-settings=\"{&quot;htmega_fe&quot;:&quot;no&quot;}\" data-widget_type=\"wpforms.default\">\n\t\t\t\t<div class=\"elementor-widget-container\">\n\t\t\t\t\t<style id=\"wpforms-css-vars-elementor-widget-4d31bbb\">\n\t\t\t\t.elementor-widget-wpforms.elementor-element-4d31bbb {\n\t\t\t\t--wpforms-field-text-color: #000000EB;\n--wpforms-button-background-color: #69727D;\n--wpforms-field-size-input-height: 31px;\n--wpforms-field-size-input-spacing: 10px;\n--wpforms-field-size-font-size: 14px;\n--wpforms-field-size-line-height: 17px;\n--wpforms-field-size-padding-h: 9px;\n--wpforms-field-size-checkbox-size: 14px;\n--wpforms-field-size-sublabel-spacing: 5px;\n--wpforms-field-size-icon-size: 0.75;\n--wpforms-label-size-font-size: 14px;\n--wpforms-label-size-line-height: 17px;\n--wpforms-label-size-sublabel-font-size: 13px;\n--wpforms-label-size-sublabel-line-height: 16px;\n--wpforms-button-size-font-size: 14px;\n--wpforms-button-size-height: 37px;\n--wpforms-button-size-padding-h: 15px;\n--wpforms-button-size-margin-top: 5px;\n\t\t\t}\n\t\t\t<\/style><div class=\"wpforms-container wpforms-container-full wpforms-render-modern\" id=\"wpforms-3116\"><form id=\"wpforms-form-3116\" class=\"wpforms-validate wpforms-form wpforms-ajax-form\" data-formid=\"3116\" method=\"post\" enctype=\"multipart\/form-data\" action=\"\/de\/wp-json\/wp\/v2\/pages\/2643\" data-token=\"e8006942e87008a7ce08c489aa01aeba\" data-token-time=\"1777496638\" data-trp-original-action=\"\/de\/wp-json\/wp\/v2\/pages\/2643\"><noscript class=\"wpforms-error-noscript\">Bitte aktivieren Sie JavaScript in Ihrem Browser, um dieses Formular fertigzustellen.<\/noscript><div id=\"wpforms-error-noscript\" style=\"display: none;\">Bitte aktivieren Sie JavaScript in Ihrem Browser, um dieses Formular fertigzustellen.<\/div><div class=\"wpforms-field-container\"><div id=\"wpforms-3116-field_0-container\" class=\"wpforms-field wpforms-field-name\" data-field-id=\"0\"><fieldset><legend class=\"wpforms-field-label\">Vor- und Nachname <span class=\"wpforms-required-label\" aria-hidden=\"true\">*<\/span><\/legend><div class=\"wpforms-field-row wpforms-field-medium\"><div class=\"wpforms-field-row-block wpforms-first wpforms-one-half\"><input type=\"text\" id=\"wpforms-3116-field_0\" class=\"wpforms-field-name-first wpforms-field-required\" name=\"wpforms[fields][0][first]\" aria-errormessage=\"wpforms-3116-field_0-error\" required><label for=\"wpforms-3116-field_0\" class=\"wpforms-field-sublabel after\">Vorname<\/label><\/div><div class=\"wpforms-field-row-block wpforms-one-half\"><input type=\"text\" id=\"wpforms-3116-field_0-last\" class=\"wpforms-field-name-last wpforms-field-required\" name=\"wpforms[fields][0][last]\" aria-errormessage=\"wpforms-3116-field_0-last-error\" required><label for=\"wpforms-3116-field_0-last\" class=\"wpforms-field-sublabel after\">Nachname<\/label><\/div><\/div><\/fieldset><\/div><div id=\"wpforms-3116-field_1-container\" class=\"wpforms-field wpforms-field-email\" data-field-id=\"1\"><label class=\"wpforms-field-label\" for=\"wpforms-3116-field_1\">Email <span class=\"wpforms-required-label\" aria-hidden=\"true\">*<\/span><\/label><input type=\"email\" id=\"wpforms-3116-field_1\" class=\"wpforms-field-medium wpforms-field-required\" name=\"wpforms[fields][1]\" spellcheck=\"false\" aria-errormessage=\"wpforms-3116-field_1-error\" required><\/div><div id=\"wpforms-3116-field_3-container\" class=\"wpforms-field wpforms-field-address\" data-field-id=\"3\"><fieldset><legend class=\"wpforms-field-label\">Adresse <span class=\"wpforms-required-label\" aria-hidden=\"true\">*<\/span><\/legend><div class=\"wpforms-field-row wpforms-field-medium\"><div ><input type=\"text\" id=\"wpforms-3116-field_3\" class=\"wpforms-field-address-address1 wpforms-field-required\" name=\"wpforms[fields][3][address1]\" aria-errormessage=\"wpforms-3116-field_3-error\" required><label for=\"wpforms-3116-field_3\" class=\"wpforms-field-sublabel after\">Adresse Zeile 1<\/label><\/div><\/div><div class=\"wpforms-field-row wpforms-field-medium\"><div class=\"wpforms-field-row-block wpforms-one-half wpforms-first\"><input type=\"text\" id=\"wpforms-3116-field_3-city\" class=\"wpforms-field-address-city wpforms-field-required\" name=\"wpforms[fields][3][city]\" aria-errormessage=\"wpforms-3116-field_3-city-error\" required><label for=\"wpforms-3116-field_3-city\" class=\"wpforms-field-sublabel after\">Stadt<\/label><\/div><div class=\"wpforms-field-row-block wpforms-one-half\"><input type=\"text\" id=\"wpforms-3116-field_3-state\" class=\"wpforms-field-address-state wpforms-field-required\" name=\"wpforms[fields][3][state]\" aria-errormessage=\"wpforms-3116-field_3-state-error\" required><label for=\"wpforms-3116-field_3-state\" class=\"wpforms-field-sublabel after\">State \/ Province \/ Region<\/label><\/div><\/div><div class=\"wpforms-field-row wpforms-field-medium\"><div class=\"wpforms-field-row-block wpforms-one-half wpforms-first\"><input type=\"text\" id=\"wpforms-3116-field_3-postal\" class=\"wpforms-field-address-postal wpforms-field-required\" name=\"wpforms[fields][3][postal]\" aria-errormessage=\"wpforms-3116-field_3-postal-error\" required><label for=\"wpforms-3116-field_3-postal\" class=\"wpforms-field-sublabel after\">Postal Code<\/label><\/div><div class=\"wpforms-field-row-block wpforms-one-half\"><select id=\"wpforms-3116-field_3-country\" class=\"wpforms-field-address-country wpforms-field-required\" name=\"wpforms[fields][3][country]\" aria-errormessage=\"wpforms-3116-field_3-country-error\" required><option class=\"placeholder\" value=\"\" selected disabled>--- Select country ---<\/option><option value=\"AF\" >Afghanistan<\/option><option value=\"AL\" >Albanien<\/option><option value=\"DZ\" >Algerien<\/option><option value=\"AS\" >Amerikanisch-Samoa<\/option><option value=\"VI\" >Amerikanische Jungferninseln<\/option><option value=\"AD\" >Andorra<\/option><option value=\"AO\" >Angola<\/option><option value=\"AI\" >Anguilla<\/option><option value=\"AQ\" >Antarktika<\/option><option value=\"AG\" >Antigua und Barbuda<\/option><option value=\"AR\" >Argentinien<\/option><option value=\"AM\" >Armenien<\/option><option value=\"AW\" >Aruba<\/option><option value=\"AZ\" >Aserbaidschan<\/option><option value=\"AU\" >Australien<\/option><option value=\"BS\" >Bahamas<\/option><option value=\"BH\" >Bahrain<\/option><option value=\"BD\" >Bangladesch<\/option><option value=\"BB\" >Barbados<\/option><option value=\"BY\" >Belarus<\/option><option value=\"BE\" >Belgien<\/option><option value=\"BZ\" >Belize<\/option><option value=\"BJ\" >Benin<\/option><option value=\"BM\" >Bermuda<\/option><option value=\"BT\" >Bhutan<\/option><option value=\"BO\" >Bolivien (Plurinationaler Staat)<\/option><option value=\"BQ\" >Bonaire, Sint Eustatius und Saba<\/option><option value=\"BA\" >Bosnien und Herzegowina<\/option><option value=\"BW\" >Botswana<\/option><option value=\"BV\" >Bouvetinsel<\/option><option value=\"BR\" >Brasilien<\/option><option value=\"VG\" >Britische Jungferninseln<\/option><option value=\"IO\" >Britisches Territorium im Indischen Ozean<\/option><option value=\"BN\" >Brunei Darussalam<\/option><option value=\"BG\" >Bulgarien<\/option><option value=\"BF\" >Burkina Faso<\/option><option value=\"BI\" >Burundi<\/option><option value=\"CV\" >Cabo Verde<\/option><option value=\"CL\" >Chile<\/option><option value=\"CN\" >China<\/option><option value=\"CK\" >Cookinseln<\/option><option value=\"CR\" >Costa Rica<\/option><option value=\"CW\" >Cura\u00e7ao<\/option><option value=\"DE\" >Deutschland<\/option><option value=\"DM\" >Dominica<\/option><option value=\"DO\" >Dominikanische Republik<\/option><option value=\"DJ\" >Dschibuti<\/option><option value=\"DK\" >D\u00e4nemark<\/option><option value=\"EC\" >Ecuador<\/option><option value=\"SV\" >El Salvador<\/option><option value=\"CI\" >Elfenbeink\u00fcste<\/option><option value=\"ER\" >Eritrea<\/option><option value=\"EE\" >Estland<\/option><option value=\"SZ\" >Eswatini (K\u00f6nigreich)<\/option><option value=\"FK\" >Falklandinseln (Malwinen)<\/option><option value=\"FJ\" >Fidschi<\/option><option value=\"FI\" >Finnland<\/option><option value=\"FR\" >Frankreich<\/option><option value=\"GF\" >Franz\u00f6sisch-Guayana<\/option><option value=\"PF\" >Franz\u00f6sisch-Polynesien<\/option><option value=\"TF\" >Franz\u00f6sische S\u00fcd- und Antarktisgebiete<\/option><option value=\"FO\" >F\u00e4r\u00f6er<\/option><option value=\"GA\" >Gabun<\/option><option value=\"GM\" >Gambia<\/option><option value=\"GE\" >Georgien<\/option><option value=\"GH\" >Ghana<\/option><option value=\"GI\" >Gibraltar<\/option><option value=\"GD\" >Grenada<\/option><option value=\"GR\" >Griechenland<\/option><option value=\"GL\" >Gr\u00f6nland<\/option><option value=\"GP\" >Guadeloupe<\/option><option value=\"GU\" >Guam<\/option><option value=\"GT\" >Guatemala<\/option><option value=\"GG\" >Guernsey<\/option><option value=\"GN\" >Guinea<\/option><option value=\"GW\" >Guinea-Bissau<\/option><option value=\"GY\" >Guyana<\/option><option value=\"HT\" >Haiti<\/option><option value=\"HM\" >Heard und McDonaldinseln<\/option><option value=\"HN\" >Honduras<\/option><option value=\"HK\" >Hongkong<\/option><option value=\"IN\" >Indien<\/option><option value=\"ID\" >Indonesien<\/option><option value=\"IQ\" >Irak<\/option><option value=\"IR\" >Iran (Islamische Republik)<\/option><option value=\"IE\" >Irland<\/option><option value=\"IS\" >Island<\/option><option value=\"IM\" >Isle of Man<\/option><option value=\"IL\" >Israel<\/option><option value=\"IT\" >Italien<\/option><option value=\"JM\" >Jamaika<\/option><option value=\"JP\" >Japan<\/option><option value=\"YE\" >Jemen<\/option><option value=\"JE\" >Jersey<\/option><option value=\"JO\" >Jordanien<\/option><option value=\"KY\" >Kaimaninseln<\/option><option value=\"KH\" >Kambodscha<\/option><option value=\"CM\" >Kamerun<\/option><option value=\"CA\" >Kanada<\/option><option value=\"KZ\" >Kasachstan<\/option><option value=\"QA\" >Katar<\/option><option value=\"KE\" >Kenia<\/option><option value=\"KG\" >Kirgisistan<\/option><option value=\"KI\" >Kiribati<\/option><option value=\"CC\" >Kokosinseln (Keelinginseln)<\/option><option value=\"CO\" >Kolumbien<\/option><option value=\"KM\" >Komoren<\/option><option value=\"CD\" >Kongo (Demokratische Republik)<\/option><option value=\"CG\" >Kongo (Republik)<\/option><option value=\"KP\" >Korea (Demokratische Volksrepublik)<\/option><option value=\"KR\" >Korea (Republik)<\/option><option value=\"XK\" >Kosovo<\/option><option value=\"HR\" >Kroatien<\/option><option value=\"CU\" >Kuba<\/option><option value=\"KW\" >Kuwait<\/option><option value=\"LA\" >Laos (Demokratische Volksrepublik)<\/option><option value=\"LS\" >Lesotho<\/option><option value=\"LV\" >Lettland<\/option><option value=\"LB\" >Libanon<\/option><option value=\"LR\" >Liberia<\/option><option value=\"LY\" >Libyen<\/option><option value=\"LI\" >Liechtenstein<\/option><option value=\"LT\" >Litauen<\/option><option value=\"LU\" >Luxemburg<\/option><option value=\"MO\" >Macau<\/option><option value=\"MG\" >Madagaskar<\/option><option value=\"MW\" >Malawi<\/option><option value=\"MY\" >Malaysia<\/option><option value=\"MV\" >Malediven<\/option><option value=\"ML\" >Mali<\/option><option value=\"MT\" >Malta<\/option><option value=\"MA\" >Marokko<\/option><option value=\"MH\" >Marshallinseln<\/option><option value=\"MQ\" >Martinique<\/option><option value=\"MR\" >Mauretanien<\/option><option value=\"MU\" >Mauritius<\/option><option value=\"YT\" >Mayotte<\/option><option value=\"MX\" >Mexiko<\/option><option value=\"FM\" >Mikronesien<\/option><option value=\"MD\" >Moldau (Republik)<\/option><option value=\"MC\" >Monaco<\/option><option value=\"MN\" >Mongolei<\/option><option value=\"ME\" >Montenegro<\/option><option value=\"MS\" >Montserrat<\/option><option value=\"MZ\" >Mosambik<\/option><option value=\"MM\" >Myanmar<\/option><option value=\"NA\" >Namibia<\/option><option value=\"NR\" >Nauru<\/option><option value=\"NP\" >Nepal<\/option><option value=\"NC\" >Neukaledonien<\/option><option value=\"NZ\" >Neuseeland<\/option><option value=\"NI\" >Nicaragua<\/option><option value=\"NL\" >Niederlande<\/option><option value=\"NE\" >Niger<\/option><option value=\"NG\" >Nigeria<\/option><option value=\"NU\" >Niue<\/option><option value=\"MK\" >Nordmazedonien (Republik)<\/option><option value=\"NF\" >Norfolkinsel<\/option><option value=\"NO\" >Norwegen<\/option><option value=\"MP\" >N\u00f6rdliche Marianen<\/option><option value=\"OM\" >Oman<\/option><option value=\"TL\" >Osttimor<\/option><option value=\"PK\" >Pakistan<\/option><option value=\"PW\" >Palau<\/option><option value=\"PS\" >Pal\u00e4stina (Staat)<\/option><option value=\"PA\" >Panama<\/option><option value=\"PG\" >Papua-Neuguinea<\/option><option value=\"PY\" >Paraguay<\/option><option value=\"PE\" >Peru<\/option><option value=\"PH\" >Philippinen<\/option><option value=\"PN\" >Pitcairninseln<\/option><option value=\"PL\" >Polen<\/option><option value=\"PT\" >Portugal<\/option><option value=\"PR\" >Puerto Rico<\/option><option value=\"RW\" >Ruanda<\/option><option value=\"RO\" >Rum\u00e4nien<\/option><option value=\"RU\" >Russland<\/option><option value=\"RE\" >R\u00e9union<\/option><option value=\"SX\" >Saint Martin (niederl\u00e4ndischer Teil)<\/option><option value=\"BL\" >Saint-Barth\u00e9lemy<\/option><option value=\"PM\" >Saint-Pierre und Miquelon<\/option><option value=\"SB\" >Salomonen<\/option><option value=\"ZM\" >Sambia<\/option><option value=\"WS\" >Samoa<\/option><option value=\"SM\" >San Marino<\/option><option value=\"SA\" >Saudi-Arabien<\/option><option value=\"SE\" >Schweden<\/option><option value=\"CH\" >Schweiz<\/option><option value=\"SN\" >Senegal<\/option><option value=\"RS\" >Serbien<\/option><option value=\"SC\" >Seychellen<\/option><option value=\"SL\" >Sierra Leone<\/option><option value=\"ZW\" >Simbabwe<\/option><option value=\"SG\" >Singapur<\/option><option value=\"SK\" >Slowakei<\/option><option value=\"SI\" >Slowenien<\/option><option value=\"SO\" >Somalia<\/option><option value=\"ES\" >Spanien<\/option><option value=\"SJ\" >Spitzbergen und Jan Mayen<\/option><option value=\"LK\" >Sri Lanka<\/option><option value=\"SH\" >St. Helena, Ascension und Tristan da Cunha<\/option><option value=\"KN\" >St. Kitts und Nevis<\/option><option value=\"LC\" >St. Lucia<\/option><option value=\"MF\" >St. Martin (franz\u00f6sischer Teil)<\/option><option value=\"VC\" >St. Vincent und die Grenadinen<\/option><option value=\"SD\" >Sudan<\/option><option value=\"SR\" >Surinam<\/option><option value=\"SY\" >Syrien (Arabische Republik)<\/option><option value=\"ST\" >S\u00e3o Tom\u00e9 und Pr\u00edncipe<\/option><option value=\"ZA\" >S\u00fcdafrika<\/option><option value=\"GS\" >S\u00fcdgeorgien und die S\u00fcdlichen Sandwichinseln<\/option><option value=\"SS\" >S\u00fcdsudan<\/option><option value=\"TJ\" >Tadschikistan<\/option><option value=\"TW\" >Taiwan, Republik China<\/option><option value=\"TZ\" >Tansania (Vereinigte Republik)<\/option><option value=\"TH\" >Thailand<\/option><option value=\"TG\" >Togo<\/option><option value=\"TK\" >Tokelau<\/option><option value=\"TO\" >Tonga<\/option><option value=\"TT\" >Trinidad und Tobago<\/option><option value=\"TD\" >Tschad<\/option><option value=\"CZ\" >Tschechien<\/option><option value=\"TN\" >Tunesien<\/option><option value=\"TM\" >Turkmenistan<\/option><option value=\"TC\" >Turks- und Caicosinseln<\/option><option value=\"TV\" >Tuvalu<\/option><option value=\"TR\" >T\u00fcrkei<\/option><option value=\"UG\" >Uganda<\/option><option value=\"UA\" >Ukraine<\/option><option value=\"HU\" >Ungarn<\/option><option value=\"UM\" >United States Minor Outlying Islands<\/option><option value=\"UY\" >Uruguay<\/option><option value=\"UZ\" >Usbekistan<\/option><option value=\"VU\" >Vanuatu<\/option><option value=\"VA\" >Vatikanstadt (Staat)<\/option><option value=\"VE\" >Venezuela (Bolivarische Republik)<\/option><option value=\"AE\" >Vereinigte Arabische Emirate<\/option><option value=\"US\" >Vereinigte Staaten von Amerika<\/option><option value=\"GB\" >Vereinigtes K\u00f6nigreich von Gro\u00dfbritannien und Nordirland<\/option><option value=\"VN\" >Vietnam<\/option><option value=\"WF\" >Wallis und Futuna<\/option><option value=\"CX\" >Weihnachtsinsel<\/option><option value=\"EH\" >Westsahara<\/option><option value=\"CF\" >Zentralafrikanische Republik<\/option><option value=\"CY\" >Zypern<\/option><option value=\"EG\" >\u00c4gypten<\/option><option value=\"GQ\" >\u00c4quatorialguinea<\/option><option value=\"ET\" >\u00c4thiopien<\/option><option value=\"AX\" >\u00c5landinseln<\/option><option value=\"AT\" >\u00d6sterreich<\/option><\/select><label for=\"wpforms-3116-field_3-country\" class=\"wpforms-field-sublabel after\">Land<\/label><\/div><\/div><\/fieldset><\/div><div id=\"wpforms-3116-field_10-container\" class=\"wpforms-field wpforms-field-date-time\" data-field-id=\"10\"><label class=\"wpforms-field-label\" for=\"wpforms-3116-field_10\">Anreisedatum <span class=\"wpforms-required-label\" aria-hidden=\"true\">*<\/span><\/label><div class=\"wpforms-datepicker-wrap\"><input type=\"text\" id=\"wpforms-3116-field_10\" class=\"wpforms-field-date-time-date wpforms-datepicker wpforms-field-required wpforms-field-medium\" data-date-format=\"m\/d\/Y\" data-disable-past-dates=\"0\" data-input=\"true\" name=\"wpforms[fields][10][date]\" aria-errormessage=\"wpforms-3116-field_10-error\" required><a title=\"Clear Date\" data-clear role=\"button\" tabindex=\"0\" class=\"wpforms-datepicker-clear\" aria-label=\"Clear Date\" style=\"display:none;\"><\/a><\/div><\/div><div id=\"wpforms-3116-field_11-container\" class=\"wpforms-field wpforms-field-date-time\" data-field-id=\"11\"><label class=\"wpforms-field-label\" for=\"wpforms-3116-field_11\">Abreisedatum <span class=\"wpforms-required-label\" aria-hidden=\"true\">*<\/span><\/label><div class=\"wpforms-datepicker-wrap\"><input type=\"text\" id=\"wpforms-3116-field_11\" class=\"wpforms-field-date-time-date wpforms-datepicker wpforms-field-required wpforms-field-medium\" data-date-format=\"m\/d\/Y\" data-disable-past-dates=\"0\" data-input=\"true\" name=\"wpforms[fields][11][date]\" aria-errormessage=\"wpforms-3116-field_11-error\" required><a title=\"Clear Date\" data-clear role=\"button\" tabindex=\"0\" class=\"wpforms-datepicker-clear\" aria-label=\"Clear Date\" style=\"display:none;\"><\/a><\/div><\/div><div id=\"wpforms-3116-field_5-container\" class=\"wpforms-field wpforms-field-select wpforms-field-select-style-classic\" data-field-id=\"5\"><label class=\"wpforms-field-label\" for=\"wpforms-3116-field_5\">Etage 2<\/label><select id=\"wpforms-3116-field_5\" class=\"wpforms-field-medium\" name=\"wpforms[fields][5]\"><option value=\"\" class=\"placeholder\" disabled selected='selected'>W\u00e4hlen Sie die Unterkunft<\/option><option value=\"Apartman 1\"  class=\"choice-5 depth-1\"  >Wohnung 1<\/option><option value=\"Apartman 2\"  class=\"choice-6 depth-1\"  >Wohnung 2<\/option><option value=\"Studio 3\"  class=\"choice-7 depth-1\"  >Studio 3<\/option><option value=\"Apartman 4\"  class=\"choice-8 depth-1\"  >Wohnung 4<\/option><\/select><\/div><div id=\"wpforms-3116-field_9-container\" class=\"wpforms-field wpforms-field-select wpforms-field-select-style-classic\" data-field-id=\"9\"><label class=\"wpforms-field-label\" for=\"wpforms-3116-field_9\">Etage 3<\/label><select id=\"wpforms-3116-field_9\" class=\"wpforms-field-medium\" name=\"wpforms[fields][9]\"><option value=\"\" class=\"placeholder\" disabled selected='selected'>W\u00e4hlen Sie die Unterkunft<\/option><option value=\"Soba 1\"  class=\"choice-5 depth-1\"  >Zimmer 1<\/option><option value=\"Studio 2\"  class=\"choice-6 depth-1\"  >Studio 2<\/option><option value=\"Soba 3\"  class=\"choice-7 depth-1\"  >Zimmer 3<\/option><option value=\"Studio 4\"  class=\"choice-8 depth-1\"  >Studio 4<\/option><\/select><\/div><div id=\"wpforms-3116-field_2-container\" class=\"wpforms-field wpforms-field-textarea\" data-field-id=\"2\"><label class=\"wpforms-field-label\" for=\"wpforms-3116-field_2\">Anfrage f\u00fcr Apartment  <span class=\"wpforms-required-label\" aria-hidden=\"true\">*<\/span><\/label><textarea id=\"wpforms-3116-field_2\" class=\"wpforms-field-medium wpforms-field-required\" name=\"wpforms[fields][2]\" aria-errormessage=\"wpforms-3116-field_2-error\" required><\/textarea><\/div><\/div><!-- .wpforms-field-container --><div class=\"wpforms-submit-container\" ><input type=\"hidden\" name=\"wpforms[id]\" value=\"3116\"><input type=\"hidden\" name=\"page_title\" value=\"\"><input type=\"hidden\" name=\"page_url\" value=\"https:\/\/hauskovac.com\/de\/wp-json\/wp\/v2\/pages\/2643\"><input type=\"hidden\" name=\"url_referer\" value=\"\"><button type=\"submit\" name=\"wpforms[submit]\" id=\"wpforms-submit-3116\" class=\"wpforms-submit\" data-alt-text=\"\u0160aljem...\" data-submit-text=\"Po\u0161alji\" aria-live=\"assertive\" value=\"wpforms-submit\">Senden<\/button><img decoding=\"async\" src=\"https:\/\/hauskovac.com\/wp-content\/plugins\/wpforms\/assets\/images\/submit-spin.svg\" class=\"wpforms-submit-spinner\" style=\"display: none;\" width=\"26\" height=\"26\" alt=\"Wird geladen\"><\/div><input type=\"hidden\" name=\"trp-form-language\" value=\"de\"\/><\/form><\/div>  <!-- .wpforms-container -->\t\t\t\t<\/div>\n\t\t\t\t<\/div>\n\t\t\t\t\t<\/div>\n\t\t\t\t<\/div>\n\t\t\t\t<\/div>","protected":false},"excerpt":{"rendered":"<p>Please enable JavaScript in your browser to complete this form.Please enable JavaScript in your browser to complete this form. Ime i Prezime * FirstLast Email * Address * Address Line 1CityState \/ Province \/ RegionPostal Code&#8212; Select country &#8212;AfghanistanAlbaniaAlgeriaAmerican SamoaAndorraAngolaAnguillaAntarcticaAntigua and BarbudaArgentinaArmeniaArubaAustraliaAustriaAzerbaijanBahamasBahrainBangladeshBarbadosBelarusBelgiumBelizeBeninBermudaBhutanBolivia (Plurinational State of)Bonaire, Saint Eustatius and SabaBosnia and HerzegovinaBotswanaBouvet IslandBrazilBritish Indian Ocean TerritoryBrunei [&hellip;]<\/p>","protected":false},"author":1,"featured_media":0,"parent":0,"menu_order":0,"comment_status":"closed","ping_status":"closed","template":"","meta":{"footnotes":""},"class_list":["post-2643","page","type-page","status-publish","hentry"],"_links":{"self":[{"href":"https:\/\/hauskovac.com\/de\/wp-json\/wp\/v2\/pages\/2643","targetHints":{"allow":["GET"]}}],"collection":[{"href":"https:\/\/hauskovac.com\/de\/wp-json\/wp\/v2\/pages"}],"about":[{"href":"https:\/\/hauskovac.com\/de\/wp-json\/wp\/v2\/types\/page"}],"author":[{"embeddable":true,"href":"https:\/\/hauskovac.com\/de\/wp-json\/wp\/v2\/users\/1"}],"replies":[{"embeddable":true,"href":"https:\/\/hauskovac.com\/de\/wp-json\/wp\/v2\/comments?post=2643"}],"version-history":[{"count":7,"href":"https:\/\/hauskovac.com\/de\/wp-json\/wp\/v2\/pages\/2643\/revisions"}],"predecessor-version":[{"id":3130,"href":"https:\/\/hauskovac.com\/de\/wp-json\/wp\/v2\/pages\/2643\/revisions\/3130"}],"wp:attachment":[{"href":"https:\/\/hauskovac.com\/de\/wp-json\/wp\/v2\/media?parent=2643"}],"curies":[{"name":"wp","href":"https:\/\/api.w.org\/{rel}","templated":true}]}}